{"id":12069,"date":"2024-09-13T18:27:55","date_gmt":"2024-09-13T18:27:55","guid":{"rendered":"https:\/\/www.cleanpixel.ai\/herramientas-gratuitas\/"},"modified":"2024-10-08T05:38:25","modified_gmt":"2024-10-08T05:38:25","slug":"business-tools","status":"publish","type":"page","link":"https:\/\/www.cleanpixel.ai\/es\/business-tools\/","title":{"rendered":"Herramientas empresariales"},"content":{"rendered":"\t\t<div data-elementor-type=\"wp-page\" data-elementor-id=\"12069\" class=\"elementor elementor-12069 elementor-11601\">\n\t\t\t\t<div class=\"elementor-element elementor-element-70fa4f2 e-con-full e-flex e-con e-parent\" data-id=\"70fa4f2\" data-element_type=\"container\">\n\t\t<div class=\"elementor-element elementor-element-d3c1302 e-con-full e-flex e-con e-child\" data-id=\"d3c1302\" data-element_type=\"container\">\n\t\t\t\t<div class=\"elementor-element elementor-element-7699b42 elementor-absolute elementor-widget__width-inherit elementor-widget elementor-widget-copygen-themebtns-v1\" data-id=\"7699b42\" data-element_type=\"widget\" data-settings=\"{&quot;_position&quot;:&quot;absolute&quot;}\" data-widget_type=\"copygen-themebtns-v1.default\">\n\t\t\t\t<div class=\"elementor-widget-container\">\n\t\t\t \r\n                        <div class=\"theme_btn_all\">\r\n            <a href=\"https:\/\/www.cleanpixel.ai\/es\/my-account\/\"   target=&quot;_blank&quot;  rel=&quot;nofollow&quot; class=\"theme_btn\">\r\n                                \t\r\n                                                                                                    \t\r\n                            <\/a>\r\n        <\/div>\r\n        \t\t<\/div>\n\t\t\t\t<\/div>\n\t\t\t\t<div class=\"elementor-element elementor-element-a30b8e7 elementor-widget elementor-widget-image\" data-id=\"a30b8e7\" data-element_type=\"widget\" data-widget_type=\"image.default\">\n\t\t\t\t<div class=\"elementor-widget-container\">\n\t\t\t<style>\/*! elementor - v3.23.0 - 05-08-2024 *\/\n.elementor-widget-image{text-align:center}.elementor-widget-image a{display:inline-block}.elementor-widget-image a img[src$=\".svg\"]{width:48px}.elementor-widget-image img{vertical-align:middle;display:inline-block}<\/style>\t\t\t\t\t\t\t\t\t\t<img decoding=\"async\" src=\"https:\/\/www.cleanpixel.ai\/wp-content\/uploads\/2024\/09\/free-tools.svg\" class=\"attachment-full size-full wp-image-11604\" alt=\"\" \/>\t\t\t\t\t\t\t\t\t\t\t\t\t<\/div>\n\t\t\t\t<\/div>\n\t\t\t\t<div class=\"elementor-element elementor-element-b403380 elementor-widget elementor-widget-copygen-title-v1\" data-id=\"b403380\" data-element_type=\"widget\" data-widget_type=\"copygen-title-v1.default\">\n\t\t\t\t<div class=\"elementor-widget-container\">\n\t\t\t \r\n        <div class=\"section_title type_one g_enable\">\r\n                                        <div class=\"title_whole position-relative\">\r\n                                            <h1 class=\"title\">\r\n                                                    Herramientas <span>empresariales<\/span>                                                            \r\n                                \r\n                        <\/h1>\r\n                                     \r\n                <\/div>\r\n                                <\/div>\r\n        \r\n    \t\t<\/div>\n\t\t\t\t<\/div>\n\t\t\t\t<\/div>\n\t\t\t\t<div class=\"elementor-element elementor-element-fb7a99b elementor-widget elementor-widget-copygen-text-editor-v1\" data-id=\"fb7a99b\" data-element_type=\"widget\" data-widget_type=\"copygen-text-editor-v1.default\">\n\t\t\t\t<div class=\"elementor-widget-container\">\n\t\t\t   <div class=\"position-relative position_p_relative\" data-scroll>\r\n        <p>Herramientas gratuitas para beneficiar a tu empresa<\/p>    <\/div>\r\n\t\t<\/div>\n\t\t\t\t<\/div>\n\t\t\t\t<div class=\"elementor-element elementor-element-4fe2d3a elementor-widget elementor-widget-copygen-image-move-v1\" data-id=\"4fe2d3a\" data-element_type=\"widget\" data-widget_type=\"copygen-image-move-v1.default\">\n\t\t\t\t<div class=\"elementor-widget-container\">\n\t\t\t   <div class=\"move_image_absolute\">    \r\n                <img decoding=\"async\" src=\"https:\/\/www.cleanpixel.ai\/wp-content\/uploads\/2024\/08\/blur-g.webp\" class=\"class-fluid\" alt=\"alt\" \/>\r\n            <\/div>\r\n    \t\t<\/div>\n\t\t\t\t<\/div>\n\t\t<div class=\"elementor-element elementor-element-ab3d75d e-con-full e-flex e-con e-child\" data-id=\"ab3d75d\" data-element_type=\"container\">\n\t\t<div class=\"elementor-element elementor-element-e45e13a e-con-full e-flex e-con e-child\" data-id=\"e45e13a\" data-element_type=\"container\">\n\t\t\t\t<div class=\"elementor-element elementor-element-9f35c9e elementor-widget elementor-widget-shortcode\" data-id=\"9f35c9e\" data-element_type=\"widget\" data-widget_type=\"shortcode.default\">\n\t\t\t\t<div class=\"elementor-widget-container\">\n\t\t\t\t\t<div class=\"elementor-shortcode\">[free-tools]\n<div id=\"formGetFile\" class=\"modal-form-get-file\"><div class=\"modal-form-get-file-content\">\n<div class=\"wpcf7 no-js\" id=\"wpcf7-f12091-o1\" lang=\"es-ES\" dir=\"ltr\">\n<div class=\"screen-reader-response\"><p role=\"status\" aria-live=\"polite\" aria-atomic=\"true\"><\/p> <ul><\/ul><\/div>\n<form action=\"\/es\/wp-json\/wp\/v2\/pages\/12069#wpcf7-f12091-o1\" method=\"post\" class=\"wpcf7-form init\" aria-label=\"Formulario de contacto\" novalidate=\"novalidate\" data-status=\"init\">\n<div style=\"display: none;\">\n<input type=\"hidden\" name=\"_wpcf7\" value=\"12091\" \/>\n<input type=\"hidden\" name=\"_wpcf7_version\" value=\"5.9.5\" \/>\n<input type=\"hidden\" name=\"_wpcf7_locale\" value=\"es_ES\" \/>\n<input type=\"hidden\" name=\"_wpcf7_unit_tag\" value=\"wpcf7-f12091-o1\" \/>\n<input type=\"hidden\" name=\"_wpcf7_container_post\" value=\"0\" \/>\n<input type=\"hidden\" name=\"_wpcf7_posted_data_hash\" value=\"\" \/>\n<input type=\"hidden\" name=\"_wpcf7_recaptcha_response\" value=\"\" \/>\n<\/div>\n<h3>\u00a1Consigue tus archivos en <span>dos clics!<\/span>\n<\/h3>\n<div class=\"description\">\n\t<p>Introduce tu nombre y correo electr\u00f3nico para acceder instant\u00e1neamente a los archivos.<br \/>\nTus datos s\u00f3lo se utilizar\u00e1n para enviar los materiales y no se compartir\u00e1n con terceros.\n\t<\/p>\n<\/div>\n<div class=\"mb-3\">\n\t<p><label class=\"form-label\">Nombre y apellidos<\/label><span class=\"wpcf7-form-control-wrap\" data-name=\"full-name\"><input size=\"40\" class=\"wpcf7-form-control wpcf7-text wpcf7-validates-as-required form-control\" autocomplete=\"name\" aria-required=\"true\" aria-invalid=\"false\" placeholder=\"Introduce tu nombre completo\" value=\"\" type=\"text\" name=\"full-name\" \/><\/span>\n\t<\/p>\n<\/div>\n<div class=\"mb-3\">\n\t<p><label class=\"form-label\">Nombre de la empresa<\/label><span class=\"wpcf7-form-control-wrap\" data-name=\"company-name\"><input size=\"40\" class=\"wpcf7-form-control wpcf7-text wpcf7-validates-as-required form-control\" autocomplete=\"company\" aria-required=\"true\" aria-invalid=\"false\" placeholder=\"Introduce el nombre completo de tu empresa\" value=\"\" type=\"text\" name=\"company-name\" \/><\/span>\n\t<\/p>\n<\/div>\n<div class=\"mb-4\">\n\t<p><label class=\"form-label\">Correo electr\u00f3nico<\/label><span class=\"wpcf7-form-control-wrap\" data-name=\"your-email\"><input size=\"40\" class=\"wpcf7-form-control wpcf7-email wpcf7-validates-as-required wpcf7-text wpcf7-validates-as-email form-control\" autocomplete=\"email\" aria-required=\"true\" aria-invalid=\"false\" placeholder=\"Introduce tu correo electr\u00f3nico\" value=\"\" type=\"email\" name=\"your-email\" \/><\/span>\n\t<\/p>\n<\/div>\n<div class=\"submit-button\">\n\t<p><input class=\"wpcf7-form-control wpcf7-submit has-spinner theme_btn theme_btn-xl\" type=\"submit\" value=\"Env\u00eda\" \/>\n\t<\/p>\n<\/div><div class=\"wpcf7-response-output\" aria-hidden=\"true\"><\/div>\n<\/form>\n<\/div>\n<div class=\"modal-form-get-file-close\">cierra<\/div><\/div><\/div>\n<\/div>\n\t\t\t\t<\/div>\n\t\t\t\t<\/div>\n\t\t\t\t<\/div>\n\t\t\t\t<\/div>\n\t\t\t\t<\/div>\n\t\t\t\t<\/div>\n\t\t","protected":false},"excerpt":{"rendered":"<p>Herramientas empresariales Herramientas gratuitas para beneficiar a tu empresa [free-tools] cierra<\/p>\n","protected":false},"author":1,"featured_media":0,"parent":0,"menu_order":0,"comment_status":"closed","ping_status":"closed","template":"template-free-tools.php","meta":{"_acf_changed":false,"pmpro_default_level":"","footnotes":""},"class_list":["post-12069","page","type-page","status-publish","hentry","pmpro-has-access"],"acf":[],"yoast_head":"<!-- This site is optimized with the Yoast SEO plugin v23.2 - https:\/\/yoast.com\/wordpress\/plugins\/seo\/ -->\n<title>Herramientas empresariales - CleanPixel<\/title>\n<meta name=\"robots\" content=\"noindex, nofollow\" \/>\n<meta property=\"og:locale\" content=\"es_ES\" \/>\n<meta property=\"og:type\" content=\"article\" \/>\n<meta property=\"og:title\" content=\"Herramientas empresariales - CleanPixel\" \/>\n<meta property=\"og:description\" content=\"Herramientas empresariales Herramientas gratuitas para beneficiar a tu empresa [free-tools] cierra\" \/>\n<meta property=\"og:url\" content=\"https:\/\/www.cleanpixel.ai\/es\/business-tools\/\" \/>\n<meta property=\"og:site_name\" content=\"CleanPixel\" \/>\n<meta property=\"article:modified_time\" content=\"2024-10-08T05:38:25+00:00\" \/>\n<meta property=\"og:image\" content=\"https:\/\/www.cleanpixel.ai\/wp-content\/uploads\/2024\/09\/free-tools.svg\" \/>\n<meta name=\"twitter:card\" content=\"summary_large_image\" \/>\n<script type=\"application\/ld+json\" class=\"yoast-schema-graph\">{\"@context\":\"https:\/\/schema.org\",\"@graph\":[{\"@type\":\"WebPage\",\"@id\":\"https:\/\/www.cleanpixel.ai\/es\/business-tools\/\",\"url\":\"https:\/\/www.cleanpixel.ai\/es\/business-tools\/\",\"name\":\"Herramientas empresariales - CleanPixel\",\"isPartOf\":{\"@id\":\"https:\/\/www.cleanpixel.ai\/es\/#website\"},\"primaryImageOfPage\":{\"@id\":\"https:\/\/www.cleanpixel.ai\/es\/business-tools\/#primaryimage\"},\"image\":{\"@id\":\"https:\/\/www.cleanpixel.ai\/es\/business-tools\/#primaryimage\"},\"thumbnailUrl\":\"https:\/\/www.cleanpixel.ai\/wp-content\/uploads\/2024\/09\/free-tools.svg\",\"datePublished\":\"2024-09-13T18:27:55+00:00\",\"dateModified\":\"2024-10-08T05:38:25+00:00\",\"breadcrumb\":{\"@id\":\"https:\/\/www.cleanpixel.ai\/es\/business-tools\/#breadcrumb\"},\"inLanguage\":\"es\",\"potentialAction\":[{\"@type\":\"ReadAction\",\"target\":[\"https:\/\/www.cleanpixel.ai\/es\/business-tools\/\"]}]},{\"@type\":\"ImageObject\",\"inLanguage\":\"es\",\"@id\":\"https:\/\/www.cleanpixel.ai\/es\/business-tools\/#primaryimage\",\"url\":\"https:\/\/www.cleanpixel.ai\/wp-content\/uploads\/2024\/09\/free-tools.svg\",\"contentUrl\":\"https:\/\/www.cleanpixel.ai\/wp-content\/uploads\/2024\/09\/free-tools.svg\"},{\"@type\":\"BreadcrumbList\",\"@id\":\"https:\/\/www.cleanpixel.ai\/es\/business-tools\/#breadcrumb\",\"itemListElement\":[{\"@type\":\"ListItem\",\"position\":1,\"name\":\"Home\",\"item\":\"https:\/\/www.cleanpixel.ai\/es\/\"},{\"@type\":\"ListItem\",\"position\":2,\"name\":\"Herramientas empresariales\"}]},{\"@type\":\"WebSite\",\"@id\":\"https:\/\/www.cleanpixel.ai\/es\/#website\",\"url\":\"https:\/\/www.cleanpixel.ai\/es\/\",\"name\":\"Pixel Products\",\"description\":\"AI made for cleaning pros. Built to be easy.\",\"publisher\":{\"@id\":\"https:\/\/www.cleanpixel.ai\/es\/#organization\"},\"potentialAction\":[{\"@type\":\"SearchAction\",\"target\":{\"@type\":\"EntryPoint\",\"urlTemplate\":\"https:\/\/www.cleanpixel.ai\/es\/?s={search_term_string}\"},\"query-input\":\"required name=search_term_string\"}],\"inLanguage\":\"es\"},{\"@type\":\"Organization\",\"@id\":\"https:\/\/www.cleanpixel.ai\/es\/#organization\",\"name\":\"Pixel Products\",\"url\":\"https:\/\/www.cleanpixel.ai\/es\/\",\"logo\":{\"@type\":\"ImageObject\",\"inLanguage\":\"es\",\"@id\":\"https:\/\/www.cleanpixel.ai\/es\/#\/schema\/logo\/image\/\",\"url\":\"https:\/\/www.cleanpixel.ai\/wp-content\/uploads\/2023\/05\/cleanpixel-logo-dark.png\",\"contentUrl\":\"https:\/\/www.cleanpixel.ai\/wp-content\/uploads\/2023\/05\/cleanpixel-logo-dark.png\",\"width\":1135,\"height\":186,\"caption\":\"Pixel Products\"},\"image\":{\"@id\":\"https:\/\/www.cleanpixel.ai\/es\/#\/schema\/logo\/image\/\"}}]}<\/script>\n<!-- \/ Yoast SEO plugin. -->","yoast_head_json":{"title":"Herramientas empresariales - CleanPixel","robots":{"index":"noindex","follow":"nofollow"},"og_locale":"es_ES","og_type":"article","og_title":"Herramientas empresariales - CleanPixel","og_description":"Herramientas empresariales Herramientas gratuitas para beneficiar a tu empresa [free-tools] cierra","og_url":"https:\/\/www.cleanpixel.ai\/es\/business-tools\/","og_site_name":"CleanPixel","article_modified_time":"2024-10-08T05:38:25+00:00","og_image":[{"url":"https:\/\/www.cleanpixel.ai\/wp-content\/uploads\/2024\/09\/free-tools.svg"}],"twitter_card":"summary_large_image","schema":{"@context":"https:\/\/schema.org","@graph":[{"@type":"WebPage","@id":"https:\/\/www.cleanpixel.ai\/es\/business-tools\/","url":"https:\/\/www.cleanpixel.ai\/es\/business-tools\/","name":"Herramientas empresariales - CleanPixel","isPartOf":{"@id":"https:\/\/www.cleanpixel.ai\/es\/#website"},"primaryImageOfPage":{"@id":"https:\/\/www.cleanpixel.ai\/es\/business-tools\/#primaryimage"},"image":{"@id":"https:\/\/www.cleanpixel.ai\/es\/business-tools\/#primaryimage"},"thumbnailUrl":"https:\/\/www.cleanpixel.ai\/wp-content\/uploads\/2024\/09\/free-tools.svg","datePublished":"2024-09-13T18:27:55+00:00","dateModified":"2024-10-08T05:38:25+00:00","breadcrumb":{"@id":"https:\/\/www.cleanpixel.ai\/es\/business-tools\/#breadcrumb"},"inLanguage":"es","potentialAction":[{"@type":"ReadAction","target":["https:\/\/www.cleanpixel.ai\/es\/business-tools\/"]}]},{"@type":"ImageObject","inLanguage":"es","@id":"https:\/\/www.cleanpixel.ai\/es\/business-tools\/#primaryimage","url":"https:\/\/www.cleanpixel.ai\/wp-content\/uploads\/2024\/09\/free-tools.svg","contentUrl":"https:\/\/www.cleanpixel.ai\/wp-content\/uploads\/2024\/09\/free-tools.svg"},{"@type":"BreadcrumbList","@id":"https:\/\/www.cleanpixel.ai\/es\/business-tools\/#breadcrumb","itemListElement":[{"@type":"ListItem","position":1,"name":"Home","item":"https:\/\/www.cleanpixel.ai\/es\/"},{"@type":"ListItem","position":2,"name":"Herramientas empresariales"}]},{"@type":"WebSite","@id":"https:\/\/www.cleanpixel.ai\/es\/#website","url":"https:\/\/www.cleanpixel.ai\/es\/","name":"Pixel Products","description":"AI made for cleaning pros. Built to be easy.","publisher":{"@id":"https:\/\/www.cleanpixel.ai\/es\/#organization"},"potentialAction":[{"@type":"SearchAction","target":{"@type":"EntryPoint","urlTemplate":"https:\/\/www.cleanpixel.ai\/es\/?s={search_term_string}"},"query-input":"required name=search_term_string"}],"inLanguage":"es"},{"@type":"Organization","@id":"https:\/\/www.cleanpixel.ai\/es\/#organization","name":"Pixel Products","url":"https:\/\/www.cleanpixel.ai\/es\/","logo":{"@type":"ImageObject","inLanguage":"es","@id":"https:\/\/www.cleanpixel.ai\/es\/#\/schema\/logo\/image\/","url":"https:\/\/www.cleanpixel.ai\/wp-content\/uploads\/2023\/05\/cleanpixel-logo-dark.png","contentUrl":"https:\/\/www.cleanpixel.ai\/wp-content\/uploads\/2023\/05\/cleanpixel-logo-dark.png","width":1135,"height":186,"caption":"Pixel Products"},"image":{"@id":"https:\/\/www.cleanpixel.ai\/es\/#\/schema\/logo\/image\/"}}]}},"_links":{"self":[{"href":"https:\/\/www.cleanpixel.ai\/es\/wp-json\/wp\/v2\/pages\/12069","targetHints":{"allow":["GET"]}}],"collection":[{"href":"https:\/\/www.cleanpixel.ai\/es\/wp-json\/wp\/v2\/pages"}],"about":[{"href":"https:\/\/www.cleanpixel.ai\/es\/wp-json\/wp\/v2\/types\/page"}],"author":[{"embeddable":true,"href":"https:\/\/www.cleanpixel.ai\/es\/wp-json\/wp\/v2\/users\/1"}],"replies":[{"embeddable":true,"href":"https:\/\/www.cleanpixel.ai\/es\/wp-json\/wp\/v2\/comments?post=12069"}],"version-history":[{"count":4,"href":"https:\/\/www.cleanpixel.ai\/es\/wp-json\/wp\/v2\/pages\/12069\/revisions"}],"predecessor-version":[{"id":12138,"href":"https:\/\/www.cleanpixel.ai\/es\/wp-json\/wp\/v2\/pages\/12069\/revisions\/12138"}],"wp:attachment":[{"href":"https:\/\/www.cleanpixel.ai\/es\/wp-json\/wp\/v2\/media?parent=12069"}],"curies":[{"name":"wp","href":"https:\/\/api.w.org\/{rel}","templated":true}]}}