{"id":12071,"date":"2024-09-19T20:27:34","date_gmt":"2024-09-19T20:27:34","guid":{"rendered":"https:\/\/www.cleanpixel.ai\/generador-de-resenas-instantaneas\/"},"modified":"2024-10-02T19:18:53","modified_gmt":"2024-10-02T19:18:53","slug":"instant-review-generator","status":"publish","type":"page","link":"https:\/\/www.cleanpixel.ai\/es\/instant-review-generator\/","title":{"rendered":"Generador de rese\u00f1as instant\u00e1neas"},"content":{"rendered":"\t\t<div data-elementor-type=\"wp-page\" data-elementor-id=\"12071\" class=\"elementor elementor-12071 elementor-11886\">\n\t\t\t\t<div class=\"elementor-element elementor-element-c1df2b0 e-flex e-con-boxed e-con e-parent\" data-id=\"c1df2b0\" data-element_type=\"container\">\n\t\t\t\t\t<div class=\"e-con-inner\">\n\t\t<div class=\"elementor-element elementor-element-fd11a31 e-con-full e-flex e-con e-child\" data-id=\"fd11a31\" data-element_type=\"container\">\n\t\t\t\t<div class=\"elementor-element elementor-element-91ef16f elementor-absolute elementor-widget__width-inherit elementor-widget elementor-widget-copygen-themebtns-v1\" data-id=\"91ef16f\" data-element_type=\"widget\" data-settings=\"{&quot;_position&quot;:&quot;absolute&quot;}\" data-widget_type=\"copygen-themebtns-v1.default\">\n\t\t\t\t<div class=\"elementor-widget-container\">\n\t\t\t \r\n                        <div class=\"theme_btn_all\">\r\n            <a href=\"https:\/\/www.cleanpixel.ai\/es\/my-account\/\"   target=&quot;_blank&quot;  rel=&quot;nofollow&quot; class=\"theme_btn\">\r\n                                \t\r\n                                                                                                    \t\r\n                            <\/a>\r\n        <\/div>\r\n        \t\t<\/div>\n\t\t\t\t<\/div>\n\t\t\t\t<div class=\"elementor-element elementor-element-43c6885 elementor-widget elementor-widget-image\" data-id=\"43c6885\" data-element_type=\"widget\" data-widget_type=\"image.default\">\n\t\t\t\t<div class=\"elementor-widget-container\">\n\t\t\t<style>\/*! elementor - v3.23.0 - 05-08-2024 *\/\n.elementor-widget-image{text-align:center}.elementor-widget-image a{display:inline-block}.elementor-widget-image a img[src$=\".svg\"]{width:48px}.elementor-widget-image img{vertical-align:middle;display:inline-block}<\/style>\t\t\t\t\t\t\t\t\t\t<img decoding=\"async\" src=\"https:\/\/www.cleanpixel.ai\/wp-content\/uploads\/2024\/09\/template-bundle.svg\" class=\"attachment-full size-full wp-image-11751\" alt=\"\" \/>\t\t\t\t\t\t\t\t\t\t\t\t\t<\/div>\n\t\t\t\t<\/div>\n\t\t\t\t<div class=\"elementor-element elementor-element-94be348 elementor-widget elementor-widget-copygen-title-v1\" data-id=\"94be348\" data-element_type=\"widget\" data-widget_type=\"copygen-title-v1.default\">\n\t\t\t\t<div class=\"elementor-widget-container\">\n\t\t\t \r\n        <div class=\"section_title type_one g_enable\">\r\n                                        <div class=\"title_whole position-relative\">\r\n                                            <h1 class=\"title\">\r\n                                                    <span>Generador de rese\u00f1as<\/span> instant\u00e1neas                                                           \r\n                                \r\n                        <\/h1>\r\n                                     \r\n                <\/div>\r\n                                <\/div>\r\n        \r\n    \t\t<\/div>\n\t\t\t\t<\/div>\n\t\t\t\t<\/div>\n\t\t\t\t<div class=\"elementor-element elementor-element-1fac0b9 elementor-widget elementor-widget-copygen-text-editor-v1\" data-id=\"1fac0b9\" data-element_type=\"widget\" data-widget_type=\"copygen-text-editor-v1.default\">\n\t\t\t\t<div class=\"elementor-widget-container\">\n\t\t\t   <div class=\"position-relative position_p_relative\" data-scroll>\r\n        <p>Las PixelCards son tarjetas de opini\u00f3n digitales optimizadas para m\u00f3viles, dise\u00f1adas para ayudar a los propietarios de negocios de limpieza a recopilar opiniones en Google y Facebook de forma r\u00e1pida y sencilla.\nS\u00f3lo tienes que enviarlas por SMS a tus clientes y ver\u00e1s c\u00f3mo llegan las opiniones.   <\/p>    <\/div>\r\n\t\t<\/div>\n\t\t\t\t<\/div>\n\t\t\t\t\t<\/div>\n\t\t\t\t<\/div>\n\t\t\t\t<section class=\"elementor-section elementor-top-section elementor-element elementor-element-96f4595 elementor-section-content-middle elementor-section-boxed elementor-section-height-default elementor-section-height-default\" data-id=\"96f4595\" data-element_type=\"section\" data-settings=\"{&quot;background_background&quot;:&quot;classic&quot;}\">\n\t\t\t\t\t\t\t<div class=\"elementor-background-overlay\"><\/div>\n\t\t\t\t\t\t\t<div class=\"elementor-container elementor-column-gap-default\">\n\t\t\t\t\t<div class=\"elementor-column elementor-col-50 elementor-top-column elementor-element elementor-element-48099425\" data-id=\"48099425\" data-element_type=\"column\">\n\t\t\t<div class=\"elementor-widget-wrap elementor-element-populated\">\n\t\t\t\t\t\t<div class=\"elementor-element elementor-element-fa33d7e elementor-widget elementor-widget-image\" data-id=\"fa33d7e\" data-element_type=\"widget\" data-widget_type=\"image.default\">\n\t\t\t\t<div class=\"elementor-widget-container\">\n\t\t\t\t\t\t\t\t\t\t\t\t\t<img fetchpriority=\"high\" decoding=\"async\" width=\"1024\" height=\"629\" src=\"https:\/\/www.cleanpixel.ai\/wp-content\/uploads\/2024\/09\/CleanPixelAI-copy-1-1024x629.png\" class=\"attachment-large size-large wp-image-11904\" alt=\"\" srcset=\"https:\/\/www.cleanpixel.ai\/wp-content\/uploads\/2024\/09\/CleanPixelAI-copy-1-1024x629.png 1024w, https:\/\/www.cleanpixel.ai\/wp-content\/uploads\/2024\/09\/CleanPixelAI-copy-1-300x184.png 300w, https:\/\/www.cleanpixel.ai\/wp-content\/uploads\/2024\/09\/CleanPixelAI-copy-1-768x472.png 768w, https:\/\/www.cleanpixel.ai\/wp-content\/uploads\/2024\/09\/CleanPixelAI-copy-1-1536x944.png 1536w, https:\/\/www.cleanpixel.ai\/wp-content\/uploads\/2024\/09\/CleanPixelAI-copy-1.png 1780w\" sizes=\"(max-width: 1024px) 100vw, 1024px\" \/>\t\t\t\t\t\t\t\t\t\t\t\t\t<\/div>\n\t\t\t\t<\/div>\n\t\t\t\t\t<\/div>\n\t\t<\/div>\n\t\t\t\t<div class=\"elementor-column elementor-col-50 elementor-top-column elementor-element elementor-element-3f94391d\" data-id=\"3f94391d\" data-element_type=\"column\">\n\t\t\t<div class=\"elementor-widget-wrap elementor-element-populated\">\n\t\t\t\t<div class=\"elementor-element elementor-element-3e1afd2 e-con-full e-flex e-con e-parent\" data-id=\"3e1afd2\" data-element_type=\"container\">\n\t\t\t\t<div class=\"elementor-element elementor-element-31594f4 elementor-widget-copygen-icon-v1-list elementor-widget elementor-widget-copygen-icon-v1\" data-id=\"31594f4\" data-element_type=\"widget\" data-widget_type=\"copygen-icon-v1.default\">\n\t\t\t\t<div class=\"elementor-widget-container\">\n\t\t\t        \r\n                <div class=\"icon_box_only type_one\">\r\n                                                            <div class=\"title_20\">\r\n                    <a href=\"https:\/\/www.cleanpixel.ai\/pricing\/\"   >    \r\n                        Entrega en menos de 48 horas                    <\/a>\r\n                <\/div>\r\n                                            <p><ul><li>Recogida f\u00e1cil de opiniones: Agiliza la recopilaci\u00f3n de opiniones de clientes en Google y Facebook.  <\/li><li>Genera confianza: Las rese\u00f1as positivas aumentan la credibilidad y atraen a m\u00e1s clientes.<\/li>\n<li>Marketing gratuito: Utiliza las opiniones de los clientes como promoci\u00f3n gratuita para hacer crecer tu negocio.<\/li>\n<li>Mejora la clasificaci\u00f3n en las b\u00fasquedas: M\u00e1s opiniones ayudan a aumentar la visibilidad en las b\u00fasquedas locales.<\/ul><\/p>\r\n                        \r\n             \r\n    <\/div>\r\n            \r\n\r\n    \t\t<\/div>\n\t\t\t\t<\/div>\n\t\t<div class=\"elementor-element elementor-element-9e290fc e-grid e-con-boxed e-con e-child\" data-id=\"9e290fc\" data-element_type=\"container\">\n\t\t\t\t\t<div class=\"e-con-inner\">\n\t\t<div class=\"elementor-element elementor-element-c7979a8 e-con-full e-flex e-con e-child\" data-id=\"c7979a8\" data-element_type=\"container\">\n\t\t\t\t<div class=\"elementor-element elementor-element-ccf37ea elementor-widget__width-inherit elementor-widget-copygen-themebtns-v1-full-width elementor-widget elementor-widget-copygen-themebtns-v1\" data-id=\"ccf37ea\" data-element_type=\"widget\" data-widget_type=\"copygen-themebtns-v1.default\">\n\t\t\t\t<div class=\"elementor-widget-container\">\n\t\t\t \r\n                        <div class=\"theme_btn_all\">\r\n            <a href=\"https:\/\/forms.gle\/Q57QtEHqeujL4mx39\"   target=&quot;_blank&quot;  rel=&quot;nofollow&quot; class=\"theme_btn\">\r\n                                \t\r\n                                                    Solicitar ahora                                                \t\r\n                            <\/a>\r\n        <\/div>\r\n        \t\t<\/div>\n\t\t\t\t<\/div>\n\t\t\t\t<\/div>\n\t\t\t\t\t<\/div>\n\t\t\t\t<\/div>\n\t\t\t\t<\/div>\n\t\t\t\t\t<\/div>\n\t\t<\/div>\n\t\t\t\t\t<\/div>\n\t\t<\/section>\n\t\t\t\t<section class=\"elementor-section elementor-top-section elementor-element elementor-element-9566ccf elementor-section-full_width elementor-section-height-default elementor-section-height-default\" data-id=\"9566ccf\" data-element_type=\"section\">\n\t\t\t\t\t\t<div class=\"elementor-container elementor-column-gap-no\">\n\t\t\t\t\t<div class=\"elementor-column elementor-col-100 elementor-top-column elementor-element elementor-element-e3a6e57\" data-id=\"e3a6e57\" data-element_type=\"column\">\n\t\t\t<div class=\"elementor-widget-wrap elementor-element-populated\">\n\t\t\t\t\t\t<div class=\"elementor-element elementor-element-bb8e806 elementor-widget elementor-widget-copygen-image-move-v1\" data-id=\"bb8e806\" data-element_type=\"widget\" data-widget_type=\"copygen-image-move-v1.default\">\n\t\t\t\t<div class=\"elementor-widget-container\">\n\t\t\t   <div class=\"move_image_absolute\">    \r\n                <img decoding=\"async\" src=\"https:\/\/www.cleanpixel.ai\/wp-content\/uploads\/2024\/08\/blur-g.webp\" class=\"class-fluid\" alt=\"alt\" \/>\r\n            <\/div>\r\n    \t\t<\/div>\n\t\t\t\t<\/div>\n\t\t\t\t\t<\/div>\n\t\t<\/div>\n\t\t\t\t\t<\/div>\n\t\t<\/section>\n\t\t\t\t<\/div>\n\t\t","protected":false},"excerpt":{"rendered":"<p>Generador de rese\u00f1as instant\u00e1neas Las PixelCards son tarjetas de opini\u00f3n digitales optimizadas para m\u00f3viles, dise\u00f1adas para ayudar a los propietarios de negocios de limpieza a recopilar opiniones en Google y Facebook de forma r\u00e1pida y sencilla. S\u00f3lo tienes que enviarlas por SMS a tus clientes y ver\u00e1s c\u00f3mo llegan las opiniones. Entrega en menos de [&hellip;]<\/p>\n","protected":false},"author":1,"featured_media":0,"parent":0,"menu_order":0,"comment_status":"closed","ping_status":"closed","template":"template-bundle.php","meta":{"_acf_changed":false,"pmpro_default_level":"","footnotes":""},"class_list":["post-12071","page","type-page","status-publish","hentry","pmpro-has-access"],"acf":[],"yoast_head":"<!-- This site is optimized with the Yoast SEO plugin v23.2 - https:\/\/yoast.com\/wordpress\/plugins\/seo\/ -->\n<title>Generador de rese\u00f1as instant\u00e1neas - CleanPixel<\/title>\n<meta name=\"robots\" content=\"index, follow, max-snippet:-1, max-image-preview:large, max-video-preview:-1\" \/>\n<link rel=\"canonical\" href=\"https:\/\/www.cleanpixel.ai\/es\/instant-review-generator\/\" \/>\n<meta property=\"og:locale\" content=\"es_ES\" \/>\n<meta property=\"og:type\" content=\"article\" \/>\n<meta property=\"og:title\" content=\"Generador de rese\u00f1as instant\u00e1neas - CleanPixel\" \/>\n<meta property=\"og:description\" content=\"Generador de rese\u00f1as instant\u00e1neas Las PixelCards son tarjetas de opini\u00f3n digitales optimizadas para m\u00f3viles, dise\u00f1adas para ayudar a los propietarios de negocios de limpieza a recopilar opiniones en Google y Facebook de forma r\u00e1pida y sencilla. S\u00f3lo tienes que enviarlas por SMS a tus clientes y ver\u00e1s c\u00f3mo llegan las opiniones. Entrega en menos de [&hellip;]\" \/>\n<meta property=\"og:url\" content=\"https:\/\/www.cleanpixel.ai\/es\/instant-review-generator\/\" \/>\n<meta property=\"og:site_name\" content=\"CleanPixel\" \/>\n<meta property=\"article:modified_time\" content=\"2024-10-02T19:18:53+00:00\" \/>\n<meta property=\"og:image\" content=\"https:\/\/www.cleanpixel.ai\/wp-content\/uploads\/2024\/09\/template-bundle.svg\" \/>\n<meta name=\"twitter:card\" content=\"summary_large_image\" \/>\n<script type=\"application\/ld+json\" class=\"yoast-schema-graph\">{\"@context\":\"https:\/\/schema.org\",\"@graph\":[{\"@type\":\"WebPage\",\"@id\":\"https:\/\/www.cleanpixel.ai\/es\/instant-review-generator\/\",\"url\":\"https:\/\/www.cleanpixel.ai\/es\/instant-review-generator\/\",\"name\":\"Generador de rese\u00f1as instant\u00e1neas - CleanPixel\",\"isPartOf\":{\"@id\":\"https:\/\/www.cleanpixel.ai\/es\/#website\"},\"primaryImageOfPage\":{\"@id\":\"https:\/\/www.cleanpixel.ai\/es\/instant-review-generator\/#primaryimage\"},\"image\":{\"@id\":\"https:\/\/www.cleanpixel.ai\/es\/instant-review-generator\/#primaryimage\"},\"thumbnailUrl\":\"https:\/\/www.cleanpixel.ai\/wp-content\/uploads\/2024\/09\/template-bundle.svg\",\"datePublished\":\"2024-09-19T20:27:34+00:00\",\"dateModified\":\"2024-10-02T19:18:53+00:00\",\"breadcrumb\":{\"@id\":\"https:\/\/www.cleanpixel.ai\/es\/instant-review-generator\/#breadcrumb\"},\"inLanguage\":\"es\",\"potentialAction\":[{\"@type\":\"ReadAction\",\"target\":[\"https:\/\/www.cleanpixel.ai\/es\/instant-review-generator\/\"]}]},{\"@type\":\"ImageObject\",\"inLanguage\":\"es\",\"@id\":\"https:\/\/www.cleanpixel.ai\/es\/instant-review-generator\/#primaryimage\",\"url\":\"https:\/\/www.cleanpixel.ai\/wp-content\/uploads\/2024\/09\/template-bundle.svg\",\"contentUrl\":\"https:\/\/www.cleanpixel.ai\/wp-content\/uploads\/2024\/09\/template-bundle.svg\"},{\"@type\":\"BreadcrumbList\",\"@id\":\"https:\/\/www.cleanpixel.ai\/es\/instant-review-generator\/#breadcrumb\",\"itemListElement\":[{\"@type\":\"ListItem\",\"position\":1,\"name\":\"Home\",\"item\":\"https:\/\/www.cleanpixel.ai\/es\/\"},{\"@type\":\"ListItem\",\"position\":2,\"name\":\"Generador de rese\u00f1as instant\u00e1neas\"}]},{\"@type\":\"WebSite\",\"@id\":\"https:\/\/www.cleanpixel.ai\/es\/#website\",\"url\":\"https:\/\/www.cleanpixel.ai\/es\/\",\"name\":\"Pixel Products\",\"description\":\"AI made for cleaning pros. Built to be easy.\",\"publisher\":{\"@id\":\"https:\/\/www.cleanpixel.ai\/es\/#organization\"},\"potentialAction\":[{\"@type\":\"SearchAction\",\"target\":{\"@type\":\"EntryPoint\",\"urlTemplate\":\"https:\/\/www.cleanpixel.ai\/es\/?s={search_term_string}\"},\"query-input\":\"required name=search_term_string\"}],\"inLanguage\":\"es\"},{\"@type\":\"Organization\",\"@id\":\"https:\/\/www.cleanpixel.ai\/es\/#organization\",\"name\":\"Pixel Products\",\"url\":\"https:\/\/www.cleanpixel.ai\/es\/\",\"logo\":{\"@type\":\"ImageObject\",\"inLanguage\":\"es\",\"@id\":\"https:\/\/www.cleanpixel.ai\/es\/#\/schema\/logo\/image\/\",\"url\":\"https:\/\/www.cleanpixel.ai\/wp-content\/uploads\/2023\/05\/cleanpixel-logo-dark.png\",\"contentUrl\":\"https:\/\/www.cleanpixel.ai\/wp-content\/uploads\/2023\/05\/cleanpixel-logo-dark.png\",\"width\":1135,\"height\":186,\"caption\":\"Pixel Products\"},\"image\":{\"@id\":\"https:\/\/www.cleanpixel.ai\/es\/#\/schema\/logo\/image\/\"}}]}<\/script>\n<!-- \/ Yoast SEO plugin. -->","yoast_head_json":{"title":"Generador de rese\u00f1as instant\u00e1neas - CleanPixel","robots":{"index":"index","follow":"follow","max-snippet":"max-snippet:-1","max-image-preview":"max-image-preview:large","max-video-preview":"max-video-preview:-1"},"canonical":"https:\/\/www.cleanpixel.ai\/es\/instant-review-generator\/","og_locale":"es_ES","og_type":"article","og_title":"Generador de rese\u00f1as instant\u00e1neas - CleanPixel","og_description":"Generador de rese\u00f1as instant\u00e1neas Las PixelCards son tarjetas de opini\u00f3n digitales optimizadas para m\u00f3viles, dise\u00f1adas para ayudar a los propietarios de negocios de limpieza a recopilar opiniones en Google y Facebook de forma r\u00e1pida y sencilla. S\u00f3lo tienes que enviarlas por SMS a tus clientes y ver\u00e1s c\u00f3mo llegan las opiniones. Entrega en menos de [&hellip;]","og_url":"https:\/\/www.cleanpixel.ai\/es\/instant-review-generator\/","og_site_name":"CleanPixel","article_modified_time":"2024-10-02T19:18:53+00:00","og_image":[{"url":"https:\/\/www.cleanpixel.ai\/wp-content\/uploads\/2024\/09\/template-bundle.svg"}],"twitter_card":"summary_large_image","schema":{"@context":"https:\/\/schema.org","@graph":[{"@type":"WebPage","@id":"https:\/\/www.cleanpixel.ai\/es\/instant-review-generator\/","url":"https:\/\/www.cleanpixel.ai\/es\/instant-review-generator\/","name":"Generador de rese\u00f1as instant\u00e1neas - CleanPixel","isPartOf":{"@id":"https:\/\/www.cleanpixel.ai\/es\/#website"},"primaryImageOfPage":{"@id":"https:\/\/www.cleanpixel.ai\/es\/instant-review-generator\/#primaryimage"},"image":{"@id":"https:\/\/www.cleanpixel.ai\/es\/instant-review-generator\/#primaryimage"},"thumbnailUrl":"https:\/\/www.cleanpixel.ai\/wp-content\/uploads\/2024\/09\/template-bundle.svg","datePublished":"2024-09-19T20:27:34+00:00","dateModified":"2024-10-02T19:18:53+00:00","breadcrumb":{"@id":"https:\/\/www.cleanpixel.ai\/es\/instant-review-generator\/#breadcrumb"},"inLanguage":"es","potentialAction":[{"@type":"ReadAction","target":["https:\/\/www.cleanpixel.ai\/es\/instant-review-generator\/"]}]},{"@type":"ImageObject","inLanguage":"es","@id":"https:\/\/www.cleanpixel.ai\/es\/instant-review-generator\/#primaryimage","url":"https:\/\/www.cleanpixel.ai\/wp-content\/uploads\/2024\/09\/template-bundle.svg","contentUrl":"https:\/\/www.cleanpixel.ai\/wp-content\/uploads\/2024\/09\/template-bundle.svg"},{"@type":"BreadcrumbList","@id":"https:\/\/www.cleanpixel.ai\/es\/instant-review-generator\/#breadcrumb","itemListElement":[{"@type":"ListItem","position":1,"name":"Home","item":"https:\/\/www.cleanpixel.ai\/es\/"},{"@type":"ListItem","position":2,"name":"Generador de rese\u00f1as instant\u00e1neas"}]},{"@type":"WebSite","@id":"https:\/\/www.cleanpixel.ai\/es\/#website","url":"https:\/\/www.cleanpixel.ai\/es\/","name":"Pixel Products","description":"AI made for cleaning pros. Built to be easy.","publisher":{"@id":"https:\/\/www.cleanpixel.ai\/es\/#organization"},"potentialAction":[{"@type":"SearchAction","target":{"@type":"EntryPoint","urlTemplate":"https:\/\/www.cleanpixel.ai\/es\/?s={search_term_string}"},"query-input":"required name=search_term_string"}],"inLanguage":"es"},{"@type":"Organization","@id":"https:\/\/www.cleanpixel.ai\/es\/#organization","name":"Pixel Products","url":"https:\/\/www.cleanpixel.ai\/es\/","logo":{"@type":"ImageObject","inLanguage":"es","@id":"https:\/\/www.cleanpixel.ai\/es\/#\/schema\/logo\/image\/","url":"https:\/\/www.cleanpixel.ai\/wp-content\/uploads\/2023\/05\/cleanpixel-logo-dark.png","contentUrl":"https:\/\/www.cleanpixel.ai\/wp-content\/uploads\/2023\/05\/cleanpixel-logo-dark.png","width":1135,"height":186,"caption":"Pixel Products"},"image":{"@id":"https:\/\/www.cleanpixel.ai\/es\/#\/schema\/logo\/image\/"}}]}},"_links":{"self":[{"href":"https:\/\/www.cleanpixel.ai\/es\/wp-json\/wp\/v2\/pages\/12071","targetHints":{"allow":["GET"]}}],"collection":[{"href":"https:\/\/www.cleanpixel.ai\/es\/wp-json\/wp\/v2\/pages"}],"about":[{"href":"https:\/\/www.cleanpixel.ai\/es\/wp-json\/wp\/v2\/types\/page"}],"author":[{"embeddable":true,"href":"https:\/\/www.cleanpixel.ai\/es\/wp-json\/wp\/v2\/users\/1"}],"replies":[{"embeddable":true,"href":"https:\/\/www.cleanpixel.ai\/es\/wp-json\/wp\/v2\/comments?post=12071"}],"version-history":[{"count":2,"href":"https:\/\/www.cleanpixel.ai\/es\/wp-json\/wp\/v2\/pages\/12071\/revisions"}],"predecessor-version":[{"id":12086,"href":"https:\/\/www.cleanpixel.ai\/es\/wp-json\/wp\/v2\/pages\/12071\/revisions\/12086"}],"wp:attachment":[{"href":"https:\/\/www.cleanpixel.ai\/es\/wp-json\/wp\/v2\/media?parent=12071"}],"curies":[{"name":"wp","href":"https:\/\/api.w.org\/{rel}","templated":true}]}}