{"id":9174,"date":"2023-05-08T11:36:51","date_gmt":"2023-05-08T11:36:51","guid":{"rendered":"https:\/\/www.cleanpixel.ai\/contacta-con-nosotros\/"},"modified":"2025-01-23T05:31:02","modified_gmt":"2025-01-23T05:31:02","slug":"contact","status":"publish","type":"page","link":"https:\/\/www.cleanpixel.ai\/es\/contact\/","title":{"rendered":"Contacto"},"content":{"rendered":"\t\t<div data-elementor-type=\"wp-page\" data-elementor-id=\"9174\" class=\"elementor elementor-9174 elementor-2990\">\n\t\t\t\t\t\t<section class=\"elementor-section elementor-top-section elementor-element elementor-element-9ae45d1 elementor-section-boxed elementor-section-height-default elementor-section-height-default\" data-id=\"9ae45d1\" data-element_type=\"section\" data-settings=\"{&quot;background_background&quot;:&quot;classic&quot;}\">\n\t\t\t\t\t\t\t<div class=\"elementor-background-overlay\"><\/div>\n\t\t\t\t\t\t\t<div class=\"elementor-container elementor-column-gap-default\">\n\t\t\t\t\t<div class=\"elementor-column elementor-col-100 elementor-top-column elementor-element elementor-element-768e05f\" data-id=\"768e05f\" data-element_type=\"column\">\n\t\t\t<div class=\"elementor-widget-wrap elementor-element-populated\">\n\t\t\t\t\t\t<section class=\"elementor-section elementor-inner-section elementor-element elementor-element-9b56e0e elementor-section-full_width elementor-section-height-default elementor-section-height-default\" data-id=\"9b56e0e\" data-element_type=\"section\">\n\t\t\t\t\t\t<div class=\"elementor-container elementor-column-gap-default\">\n\t\t\t\t\t<div class=\"elementor-column elementor-col-33 elementor-inner-column elementor-element elementor-element-01fe53d\" data-id=\"01fe53d\" data-element_type=\"column\">\n\t\t\t<div class=\"elementor-widget-wrap\">\n\t\t\t\t\t\t\t<\/div>\n\t\t<\/div>\n\t\t\t\t<div class=\"elementor-column elementor-col-33 elementor-inner-column elementor-element elementor-element-c5cbe2b\" data-id=\"c5cbe2b\" data-element_type=\"column\">\n\t\t\t<div class=\"elementor-widget-wrap elementor-element-populated\">\n\t\t\t\t\t\t<div class=\"elementor-element elementor-element-8250208 elementor-widget elementor-widget-copygen-title-v1\" data-id=\"8250208\" data-element_type=\"widget\" data-widget_type=\"copygen-title-v1.default\">\n\t\t\t\t<div class=\"elementor-widget-container\">\n\t\t\t \r\n        <div class=\"section_title type_one g_enable\">\r\n                            <div class=\"overline-title\"> CONTACTO<\/div>\r\n                                        <div class=\"title_whole position-relative\">\r\n                                            <h1 class=\"title\">\r\n                                                      \u00a1Nos encanta recibir comentarios, preguntas y o\u00edr lo que tienes que decir!                                                           \r\n                                \r\n                        <\/h1>\r\n                                     \r\n                <\/div>\r\n                                <\/div>\r\n        \r\n    \t\t<\/div>\n\t\t\t\t<\/div>\n\t\t\t\t\t<\/div>\n\t\t<\/div>\n\t\t\t\t<div class=\"elementor-column elementor-col-33 elementor-inner-column elementor-element elementor-element-c3503d0\" data-id=\"c3503d0\" data-element_type=\"column\">\n\t\t\t<div class=\"elementor-widget-wrap\">\n\t\t\t\t\t\t\t<\/div>\n\t\t<\/div>\n\t\t\t\t\t<\/div>\n\t\t<\/section>\n\t\t\t\t<section class=\"elementor-section elementor-inner-section elementor-element elementor-element-321998e elementor-section-full_width elementor-section-height-default elementor-section-height-default\" data-id=\"321998e\" data-element_type=\"section\">\n\t\t\t\t\t\t<div class=\"elementor-container elementor-column-gap-no\">\n\t\t\t\t\t<div class=\"elementor-column elementor-col-33 elementor-inner-column elementor-element elementor-element-a7e786a\" data-id=\"a7e786a\" data-element_type=\"column\">\n\t\t\t<div class=\"elementor-widget-wrap elementor-element-populated\">\n\t\t\t\t\t\t<div class=\"elementor-element elementor-element-7cf8f7f elementor-widget elementor-widget-copygen-title-v1\" data-id=\"7cf8f7f\" data-element_type=\"widget\" data-widget_type=\"copygen-title-v1.default\">\n\t\t\t\t<div class=\"elementor-widget-container\">\n\t\t\t \r\n        <div class=\"section_title type_one g_enable\">\r\n                                        <div class=\"title_whole position-relative\">\r\n                                            <h2 class=\"title\">\r\n                                                    Hablemos                                                          \r\n                        <\/h2>\r\n                                     \r\n                <\/div>\r\n                                        <p class=\"lead\"> Ponte en contacto con nosotros hoy mismo para recibir asistencia r\u00e1pida y recomendaciones personales sobre c\u00f3mo nuestros productos de IA pueden potenciar tu negocio de limpieza.<\/p>\r\n                    <\/div>\r\n        \r\n    \t\t<\/div>\n\t\t\t\t<\/div>\n\t\t\t\t<div class=\"elementor-element elementor-element-cdb37c1 elementor-widget elementor-widget-copygen-contact-box-v1\" data-id=\"cdb37c1\" data-element_type=\"widget\" data-widget_type=\"copygen-contact-box-v1.default\">\n\t\t\t\t<div class=\"elementor-widget-container\">\n\t\t\t<div class=\"contact_box_content\">\r\n    <div class=\"contact-infor\">\r\n             \r\n                <h6 class=\"title_no_a_20\">   Contato<\/h6>\r\n                        <div class=\"d-flex\">\r\n                                            <div class=\"icon\">\r\n                    <i class=\" copy-mail\"><\/i>\r\n                <\/div> \r\n                \t\t\r\n                                                                        <span>GPI Holding LLC, 1900 Camden Ave,\nSan Jose, CA 95124   |   \nEmail: support@pixelproducts.co<\/span>\r\n                                        <\/div>\r\n        <\/div>\r\n    <\/div>\r\n    \t\t<\/div>\n\t\t\t\t<\/div>\n\t\t\t\t\t<\/div>\n\t\t<\/div>\n\t\t\t\t<div class=\"elementor-column elementor-col-33 elementor-inner-column elementor-element elementor-element-13580d2\" data-id=\"13580d2\" data-element_type=\"column\">\n\t\t\t<div class=\"elementor-widget-wrap\">\n\t\t\t\t\t\t\t<\/div>\n\t\t<\/div>\n\t\t\t\t<div class=\"elementor-column elementor-col-33 elementor-inner-column elementor-element elementor-element-39555bb\" data-id=\"39555bb\" data-element_type=\"column\" data-settings=\"{&quot;background_background&quot;:&quot;classic&quot;}\">\n\t\t\t<div class=\"elementor-widget-wrap elementor-element-populated\">\n\t\t\t\t\t\t<div class=\"elementor-element elementor-element-65b465b elementor-widget elementor-widget-copygen-title-v1\" data-id=\"65b465b\" data-element_type=\"widget\" data-widget_type=\"copygen-title-v1.default\">\n\t\t\t\t<div class=\"elementor-widget-container\">\n\t\t\t \r\n        <div class=\"section_title type_one g_enable\">\r\n                                        <div class=\"title_whole position-relative\">\r\n                                            <h2 class=\"title\">\r\n                                                    No dudes en ponerte en contacto con nosotros utilizando el siguiente formulario                                                          \r\n                        <\/h2>\r\n                                     \r\n                <\/div>\r\n                                <\/div>\r\n        \r\n    \t\t<\/div>\n\t\t\t\t<\/div>\n\t\t\t\t<div class=\"elementor-element elementor-element-9606a2b elementor-widget elementor-widget-copygen-contact-form-v1\" data-id=\"9606a2b\" data-element_type=\"widget\" data-widget_type=\"copygen-contact-form-v1.default\">\n\t\t\t\t<div class=\"elementor-widget-container\">\n\t\t\t    <section class=\"contact_form_box_all\">\r\n        <div class=\"contact_form_shortcode\">\r\n                                                \n<div class=\"wpcf7 no-js\" id=\"wpcf7-f9176-o1\" lang=\"es-ES\" dir=\"ltr\">\n<div class=\"screen-reader-response\"><p role=\"status\" aria-live=\"polite\" aria-atomic=\"true\"><\/p> <ul><\/ul><\/div>\n<form action=\"\/es\/wp-json\/wp\/v2\/pages\/9174#wpcf7-f9176-o1\" method=\"post\" class=\"wpcf7-form init\" aria-label=\"Formulario de contacto\" novalidate=\"novalidate\" data-status=\"init\">\n<div style=\"display: none;\">\n<input type=\"hidden\" name=\"_wpcf7\" value=\"9176\" \/>\n<input type=\"hidden\" name=\"_wpcf7_version\" value=\"5.9.5\" \/>\n<input type=\"hidden\" name=\"_wpcf7_locale\" value=\"es_ES\" \/>\n<input type=\"hidden\" name=\"_wpcf7_unit_tag\" value=\"wpcf7-f9176-o1\" \/>\n<input type=\"hidden\" name=\"_wpcf7_container_post\" value=\"0\" \/>\n<input type=\"hidden\" name=\"_wpcf7_posted_data_hash\" value=\"\" \/>\n<input type=\"hidden\" name=\"_wpcf7_recaptcha_response\" value=\"\" \/>\n<\/div>\n<p><span class=\"wpcf7-form-control-wrap\" data-name=\"your-name\"><input size=\"40\" class=\"wpcf7-form-control wpcf7-text wpcf7-validates-as-required\" autocomplete=\"name\" aria-required=\"true\" aria-invalid=\"false\" placeholder=\"Introduce tu nombre\" value=\"\" type=\"text\" name=\"your-name\" \/><\/span><br \/>\n<span class=\"wpcf7-form-control-wrap\" data-name=\"your-email\"><input size=\"40\" class=\"wpcf7-form-control wpcf7-email wpcf7-validates-as-required wpcf7-text wpcf7-validates-as-email\" autocomplete=\"email\" aria-required=\"true\" aria-invalid=\"false\" placeholder=\"Introduce tu correo electr\u00f3nico\" value=\"\" type=\"email\" name=\"your-email\" \/><\/span><br \/>\n<span class=\"wpcf7-form-control-wrap\" data-name=\"your-subject\"><input size=\"40\" class=\"wpcf7-form-control wpcf7-text wpcf7-validates-as-required\" aria-required=\"true\" aria-invalid=\"false\" value=\"Introducir asunto\" type=\"text\" name=\"your-subject\" \/><\/span><br \/>\n<span class=\"wpcf7-form-control-wrap\" data-name=\"your-message\"><textarea cols=\"40\" rows=\"10\" class=\"wpcf7-form-control wpcf7-textarea\" aria-invalid=\"false\" name=\"your-message\">Escriba su mensaje<\/textarea><\/span><br \/>\n<input class=\"wpcf7-form-control wpcf7-submit has-spinner\" type=\"submit\" value=\"Enviar\" \/>\n<\/p><div class=\"wpcf7-response-output\" aria-hidden=\"true\"><\/div>\n<\/form>\n<\/div>\n                                \r\n        <\/div>\r\n    <\/section>\r\n\t\t\t\t<\/div>\n\t\t\t\t<\/div>\n\t\t\t\t\t<\/div>\n\t\t<\/div>\n\t\t\t\t\t<\/div>\n\t\t<\/section>\n\t\t\t\t\t<\/div>\n\t\t<\/div>\n\t\t\t\t\t<\/div>\n\t\t<\/section>\n\t\t\t\t<section class=\"elementor-section elementor-top-section elementor-element elementor-element-33a1498 elementor-section-boxed elementor-section-height-default elementor-section-height-default\" data-id=\"33a1498\" data-element_type=\"section\">\n\t\t\t\t\t\t<div class=\"elementor-container elementor-column-gap-extended\">\n\t\t\t\t\t<div class=\"elementor-column elementor-col-33 elementor-top-column elementor-element elementor-element-72ecb50\" data-id=\"72ecb50\" data-element_type=\"column\">\n\t\t\t<div class=\"elementor-widget-wrap elementor-element-populated\">\n\t\t\t\t\t\t<div class=\"elementor-element elementor-element-123d3ea elementor-widget elementor-widget-copygen-icon-v1\" data-id=\"123d3ea\" data-element_type=\"widget\" data-widget_type=\"copygen-icon-v1.default\">\n\t\t\t\t<div class=\"elementor-widget-container\">\n\t\t\t        \r\n                <div class=\"icon_box_only type_one inline flex-sm-row\">\r\n                                                    <div class=\"contnet\">\r\n                            <div class=\"title_20\">\r\n                    <a href=\"#\"   >    \r\n                        Consigue una demostraci\u00f3n 1:1                      <\/a>\r\n                <\/div>\r\n                                            <p>\u00bfTe resulta dif\u00edcil navegar por nuestra gama de productos? Llama a nuestros expertos en productos para una demostraci\u00f3n personalizada  <\/p>\r\n                        \r\n                            <div class=\"text_center\">\r\n                    <a class=\"rd_more\" href=\"#\"   >\r\n                        Programa una llamada <i class=\" copy-arrow-long-right\"><\/i>\r\n                    <\/a> \r\n                <\/div>\r\n                        <\/div>\r\n    <\/div>  \r\n            \r\n\r\n    \t\t<\/div>\n\t\t\t\t<\/div>\n\t\t\t\t\t<\/div>\n\t\t<\/div>\n\t\t\t\t<div class=\"elementor-column elementor-col-33 elementor-top-column elementor-element elementor-element-4ac94ee\" data-id=\"4ac94ee\" data-element_type=\"column\">\n\t\t\t<div class=\"elementor-widget-wrap elementor-element-populated\">\n\t\t\t\t\t\t<div class=\"elementor-element elementor-element-773219e elementor-widget elementor-widget-copygen-icon-v1\" data-id=\"773219e\" data-element_type=\"widget\" data-widget_type=\"copygen-icon-v1.default\">\n\t\t\t\t<div class=\"elementor-widget-container\">\n\t\t\t        \r\n                <div class=\"icon_box_only type_one inline flex-sm-row\">\r\n                                                    <div class=\"contnet\">\r\n                            <div class=\"title_20\">\r\n                    <a href=\"#\"   >    \r\n                        Asistencia por chat 24X7                      <\/a>\r\n                <\/div>\r\n                                            <p>Llama a nuestro excelente equipo de atenci\u00f3n al cliente a trav\u00e9s de nuestro chat en directo, disponible 24 horas, todos los d\u00edas de la semana. Estamos aqu\u00ed para ayudarte.  <\/p>\r\n                        \r\n                            <div class=\"text_center\">\r\n                    <a class=\"rd_more\" href=\"#\"   >\r\n                        Habla con Soporte <i class=\" copy-arrow-long-right\"><\/i>\r\n                    <\/a> \r\n                <\/div>\r\n                        <\/div>\r\n    <\/div>  \r\n            \r\n\r\n    \t\t<\/div>\n\t\t\t\t<\/div>\n\t\t\t\t\t<\/div>\n\t\t<\/div>\n\t\t\t\t<div class=\"elementor-column elementor-col-33 elementor-top-column elementor-element elementor-element-db07da6\" data-id=\"db07da6\" data-element_type=\"column\">\n\t\t\t<div class=\"elementor-widget-wrap elementor-element-populated\">\n\t\t\t\t\t\t<div class=\"elementor-element elementor-element-48ca426 elementor-widget elementor-widget-copygen-icon-v1\" data-id=\"48ca426\" data-element_type=\"widget\" data-widget_type=\"copygen-icon-v1.default\">\n\t\t\t\t<div class=\"elementor-widget-container\">\n\t\t\t        \r\n                <div class=\"icon_box_only type_one inline flex-sm-row\">\r\n                                                    <div class=\"contnet\">\r\n                            <div class=\"title_20\">\r\n                    <a href=\"#\"   >    \r\n                        Solicitar funci\u00f3n                      <\/a>\r\n                <\/div>\r\n                                            <p>\u00bfTienes una idea original? H\u00e1blanos para a\u00f1adir una nueva funci\u00f3n de IA. Somos todo o\u00eddos.  <\/p>\r\n                        \r\n                            <div class=\"text_center\">\r\n                    <a class=\"rd_more\" href=\"#\"   >\r\n                        Solicitar una funci\u00f3n <i class=\" copy-arrow-long-right\"><\/i>\r\n                    <\/a> \r\n                <\/div>\r\n                        <\/div>\r\n    <\/div>  \r\n            \r\n\r\n    \t\t<\/div>\n\t\t\t\t<\/div>\n\t\t\t\t\t<\/div>\n\t\t<\/div>\n\t\t\t\t\t<\/div>\n\t\t<\/section>\n\t\t\t\t<\/div>\n\t\t","protected":false},"excerpt":{"rendered":"<p>CONTACTO \u00a1Nos encanta recibir comentarios, preguntas y o\u00edr lo que tienes que decir! Hablemos Ponte en contacto con nosotros hoy mismo para recibir asistencia r\u00e1pida y recomendaciones personales sobre c\u00f3mo nuestros productos de IA pueden potenciar tu negocio de limpieza. Contato GPI Holding LLC, 1900 Camden Ave, San Jose, CA 95124 | Email: support@pixelproducts.co No [&hellip;]<\/p>\n","protected":false},"author":1,"featured_media":0,"parent":0,"menu_order":0,"comment_status":"closed","ping_status":"closed","template":"template-homepage.php","meta":{"_acf_changed":false,"pmpro_default_level":"","footnotes":""},"class_list":["post-9174","page","type-page","status-publish","hentry","pmpro-has-access"],"acf":[],"yoast_head":"<!-- This site is optimized with the Yoast SEO plugin v23.2 - https:\/\/yoast.com\/wordpress\/plugins\/seo\/ -->\n<title>Contacto - CleanPixel<\/title>\n<meta name=\"description\" content=\"Ponte en contacto con CleanPixel para obtener ayuda y asistencia r\u00e1pidas. Nuestro equipo est\u00e1 preparado para ayudarte con cualquier consulta, garantizando una experiencia sin problemas.\" \/>\n<meta name=\"robots\" content=\"index, follow, max-snippet:-1, max-image-preview:large, max-video-preview:-1\" \/>\n<link rel=\"canonical\" href=\"https:\/\/www.cleanpixel.ai\/es\/contact\/\" \/>\n<meta property=\"og:locale\" content=\"es_ES\" \/>\n<meta property=\"og:type\" content=\"article\" \/>\n<meta property=\"og:title\" content=\"Contacto - CleanPixel\" \/>\n<meta property=\"og:description\" content=\"Ponte en contacto con CleanPixel para obtener ayuda y asistencia r\u00e1pidas. Nuestro equipo est\u00e1 preparado para ayudarte con cualquier consulta, garantizando una experiencia sin problemas.\" \/>\n<meta property=\"og:url\" content=\"https:\/\/www.cleanpixel.ai\/es\/contact\/\" \/>\n<meta property=\"og:site_name\" content=\"CleanPixel\" \/>\n<meta property=\"article:modified_time\" content=\"2025-01-23T05:31:02+00:00\" \/>\n<meta name=\"twitter:card\" content=\"summary_large_image\" \/>\n<script type=\"application\/ld+json\" class=\"yoast-schema-graph\">{\"@context\":\"https:\/\/schema.org\",\"@graph\":[{\"@type\":\"WebPage\",\"@id\":\"https:\/\/www.cleanpixel.ai\/es\/contact\/\",\"url\":\"https:\/\/www.cleanpixel.ai\/es\/contact\/\",\"name\":\"Contacto - CleanPixel\",\"isPartOf\":{\"@id\":\"https:\/\/www.cleanpixel.ai\/es\/#website\"},\"datePublished\":\"2023-05-08T11:36:51+00:00\",\"dateModified\":\"2025-01-23T05:31:02+00:00\",\"description\":\"Ponte en contacto con CleanPixel para obtener ayuda y asistencia r\u00e1pidas. Nuestro equipo est\u00e1 preparado para ayudarte con cualquier consulta, garantizando una experiencia sin problemas.\",\"breadcrumb\":{\"@id\":\"https:\/\/www.cleanpixel.ai\/es\/contact\/#breadcrumb\"},\"inLanguage\":\"es\",\"potentialAction\":[{\"@type\":\"ReadAction\",\"target\":[\"https:\/\/www.cleanpixel.ai\/es\/contact\/\"]}]},{\"@type\":\"BreadcrumbList\",\"@id\":\"https:\/\/www.cleanpixel.ai\/es\/contact\/#breadcrumb\",\"itemListElement\":[{\"@type\":\"ListItem\",\"position\":1,\"name\":\"Home\",\"item\":\"https:\/\/www.cleanpixel.ai\/es\/\"},{\"@type\":\"ListItem\",\"position\":2,\"name\":\"Contacto\"}]},{\"@type\":\"WebSite\",\"@id\":\"https:\/\/www.cleanpixel.ai\/es\/#website\",\"url\":\"https:\/\/www.cleanpixel.ai\/es\/\",\"name\":\"Pixel Products\",\"description\":\"AI made for cleaning pros. Built to be easy.\",\"publisher\":{\"@id\":\"https:\/\/www.cleanpixel.ai\/es\/#organization\"},\"potentialAction\":[{\"@type\":\"SearchAction\",\"target\":{\"@type\":\"EntryPoint\",\"urlTemplate\":\"https:\/\/www.cleanpixel.ai\/es\/?s={search_term_string}\"},\"query-input\":\"required name=search_term_string\"}],\"inLanguage\":\"es\"},{\"@type\":\"Organization\",\"@id\":\"https:\/\/www.cleanpixel.ai\/es\/#organization\",\"name\":\"Pixel Products\",\"url\":\"https:\/\/www.cleanpixel.ai\/es\/\",\"logo\":{\"@type\":\"ImageObject\",\"inLanguage\":\"es\",\"@id\":\"https:\/\/www.cleanpixel.ai\/es\/#\/schema\/logo\/image\/\",\"url\":\"https:\/\/www.cleanpixel.ai\/wp-content\/uploads\/2023\/05\/cleanpixel-logo-dark.png\",\"contentUrl\":\"https:\/\/www.cleanpixel.ai\/wp-content\/uploads\/2023\/05\/cleanpixel-logo-dark.png\",\"width\":1135,\"height\":186,\"caption\":\"Pixel Products\"},\"image\":{\"@id\":\"https:\/\/www.cleanpixel.ai\/es\/#\/schema\/logo\/image\/\"}}]}<\/script>\n<!-- \/ Yoast SEO plugin. -->","yoast_head_json":{"title":"Contacto - CleanPixel","description":"Ponte en contacto con CleanPixel para obtener ayuda y asistencia r\u00e1pidas. Nuestro equipo est\u00e1 preparado para ayudarte con cualquier consulta, garantizando una experiencia sin problemas.","robots":{"index":"index","follow":"follow","max-snippet":"max-snippet:-1","max-image-preview":"max-image-preview:large","max-video-preview":"max-video-preview:-1"},"canonical":"https:\/\/www.cleanpixel.ai\/es\/contact\/","og_locale":"es_ES","og_type":"article","og_title":"Contacto - CleanPixel","og_description":"Ponte en contacto con CleanPixel para obtener ayuda y asistencia r\u00e1pidas. Nuestro equipo est\u00e1 preparado para ayudarte con cualquier consulta, garantizando una experiencia sin problemas.","og_url":"https:\/\/www.cleanpixel.ai\/es\/contact\/","og_site_name":"CleanPixel","article_modified_time":"2025-01-23T05:31:02+00:00","twitter_card":"summary_large_image","schema":{"@context":"https:\/\/schema.org","@graph":[{"@type":"WebPage","@id":"https:\/\/www.cleanpixel.ai\/es\/contact\/","url":"https:\/\/www.cleanpixel.ai\/es\/contact\/","name":"Contacto - CleanPixel","isPartOf":{"@id":"https:\/\/www.cleanpixel.ai\/es\/#website"},"datePublished":"2023-05-08T11:36:51+00:00","dateModified":"2025-01-23T05:31:02+00:00","description":"Ponte en contacto con CleanPixel para obtener ayuda y asistencia r\u00e1pidas. Nuestro equipo est\u00e1 preparado para ayudarte con cualquier consulta, garantizando una experiencia sin problemas.","breadcrumb":{"@id":"https:\/\/www.cleanpixel.ai\/es\/contact\/#breadcrumb"},"inLanguage":"es","potentialAction":[{"@type":"ReadAction","target":["https:\/\/www.cleanpixel.ai\/es\/contact\/"]}]},{"@type":"BreadcrumbList","@id":"https:\/\/www.cleanpixel.ai\/es\/contact\/#breadcrumb","itemListElement":[{"@type":"ListItem","position":1,"name":"Home","item":"https:\/\/www.cleanpixel.ai\/es\/"},{"@type":"ListItem","position":2,"name":"Contacto"}]},{"@type":"WebSite","@id":"https:\/\/www.cleanpixel.ai\/es\/#website","url":"https:\/\/www.cleanpixel.ai\/es\/","name":"Pixel Products","description":"AI made for cleaning pros. Built to be easy.","publisher":{"@id":"https:\/\/www.cleanpixel.ai\/es\/#organization"},"potentialAction":[{"@type":"SearchAction","target":{"@type":"EntryPoint","urlTemplate":"https:\/\/www.cleanpixel.ai\/es\/?s={search_term_string}"},"query-input":"required name=search_term_string"}],"inLanguage":"es"},{"@type":"Organization","@id":"https:\/\/www.cleanpixel.ai\/es\/#organization","name":"Pixel Products","url":"https:\/\/www.cleanpixel.ai\/es\/","logo":{"@type":"ImageObject","inLanguage":"es","@id":"https:\/\/www.cleanpixel.ai\/es\/#\/schema\/logo\/image\/","url":"https:\/\/www.cleanpixel.ai\/wp-content\/uploads\/2023\/05\/cleanpixel-logo-dark.png","contentUrl":"https:\/\/www.cleanpixel.ai\/wp-content\/uploads\/2023\/05\/cleanpixel-logo-dark.png","width":1135,"height":186,"caption":"Pixel Products"},"image":{"@id":"https:\/\/www.cleanpixel.ai\/es\/#\/schema\/logo\/image\/"}}]}},"_links":{"self":[{"href":"https:\/\/www.cleanpixel.ai\/es\/wp-json\/wp\/v2\/pages\/9174","targetHints":{"allow":["GET"]}}],"collection":[{"href":"https:\/\/www.cleanpixel.ai\/es\/wp-json\/wp\/v2\/pages"}],"about":[{"href":"https:\/\/www.cleanpixel.ai\/es\/wp-json\/wp\/v2\/types\/page"}],"author":[{"embeddable":true,"href":"https:\/\/www.cleanpixel.ai\/es\/wp-json\/wp\/v2\/users\/1"}],"replies":[{"embeddable":true,"href":"https:\/\/www.cleanpixel.ai\/es\/wp-json\/wp\/v2\/comments?post=9174"}],"version-history":[{"count":3,"href":"https:\/\/www.cleanpixel.ai\/es\/wp-json\/wp\/v2\/pages\/9174\/revisions"}],"predecessor-version":[{"id":12448,"href":"https:\/\/www.cleanpixel.ai\/es\/wp-json\/wp\/v2\/pages\/9174\/revisions\/12448"}],"wp:attachment":[{"href":"https:\/\/www.cleanpixel.ai\/es\/wp-json\/wp\/v2\/media?parent=9174"}],"curies":[{"name":"wp","href":"https:\/\/api.w.org\/{rel}","templated":true}]}}