{"id":9296,"date":"2024-05-06T20:30:30","date_gmt":"2024-05-06T20:30:30","guid":{"rendered":"https:\/\/www.cleanpixel.ai\/campana-paquete-gratuito-de-limpieza\/"},"modified":"2024-08-21T09:35:47","modified_gmt":"2024-08-21T09:35:47","slug":"campaign","status":"publish","type":"page","link":"https:\/\/www.cleanpixel.ai\/es\/campaign\/","title":{"rendered":"Campa\u00f1a &#8211; Paquete gratuito de limpieza"},"content":{"rendered":"\t\t<div data-elementor-type=\"wp-page\" data-elementor-id=\"9296\" class=\"elementor elementor-9296 elementor-8773\">\n\t\t\t\t\t\t<section class=\"elementor-section elementor-top-section elementor-element elementor-element-96f4595 elementor-section-content-middle elementor-section-boxed elementor-section-height-default elementor-section-height-default\" data-id=\"96f4595\" data-element_type=\"section\" data-settings=\"{&quot;background_background&quot;:&quot;classic&quot;}\">\n\t\t\t\t\t\t\t<div class=\"elementor-background-overlay\"><\/div>\n\t\t\t\t\t\t\t<div class=\"elementor-container elementor-column-gap-default\">\n\t\t\t\t\t<div class=\"elementor-column elementor-col-50 elementor-top-column elementor-element elementor-element-3f94391d\" data-id=\"3f94391d\" data-element_type=\"column\">\n\t\t\t<div class=\"elementor-widget-wrap elementor-element-populated\">\n\t\t\t\t<div class=\"elementor-element elementor-element-24be35e5 e-flex e-con-boxed e-con e-parent\" data-id=\"24be35e5\" data-element_type=\"container\" id=\"hide_on_submit\">\n\t\t\t\t\t<div class=\"e-con-inner\">\n\t\t\t\t<div class=\"elementor-element elementor-element-248d7121 elementor-widget elementor-widget-copygen-title-v1\" data-id=\"248d7121\" data-element_type=\"widget\" data-widget_type=\"copygen-title-v1.default\">\n\t\t\t\t<div class=\"elementor-widget-container\">\n\t\t\t \r\n        <div class=\"section_title type_one g_enable\">\r\n                                        <div class=\"title_whole position-relative\">\r\n                                            <h2 class=\"title\">\r\n                                                    Hazte con tu kit <span>gratuito<\/span> de inicio a la limpieza                                                          \r\n                        <\/h2>\r\n                                     \r\n                <\/div>\r\n                                        <p class=\"lead\"> \u00a1A todos nos gustan las cosas gratis! Est\u00e1s a un paso de desbloquear nuestro paquete gratuito, que incluye una plantilla de propuesta, una lista de comprobaci\u00f3n, listas de precios, una plantilla de factura, \u00a1y mucho m\u00e1s! <\/p>\r\n                    <\/div>\r\n        \r\n    \t\t<\/div>\n\t\t\t\t<\/div>\n\t\t\t\t<div class=\"elementor-element elementor-element-19317417 elementor-widget__width-initial elementor-widget elementor-widget-copygen-contact-form-v1\" data-id=\"19317417\" data-element_type=\"widget\" data-widget_type=\"copygen-contact-form-v1.default\">\n\t\t\t\t<div class=\"elementor-widget-container\">\n\t\t\t    <section class=\"contact_form_box_all\">\r\n        <div class=\"contact_form_shortcode\">\r\n                                                \n<div class=\"wpcf7 no-js\" id=\"wpcf7-f9285-o1\" lang=\"es-ES\" dir=\"ltr\">\n<div class=\"screen-reader-response\"><p role=\"status\" aria-live=\"polite\" aria-atomic=\"true\"><\/p> <ul><\/ul><\/div>\n<form action=\"\/es\/wp-json\/wp\/v2\/pages\/9296#wpcf7-f9285-o1\" method=\"post\" class=\"wpcf7-form init\" aria-label=\"Formulario de contacto\" novalidate=\"novalidate\" data-status=\"init\">\n<div style=\"display: none;\">\n<input type=\"hidden\" name=\"_wpcf7\" value=\"9285\" \/>\n<input type=\"hidden\" name=\"_wpcf7_version\" value=\"5.9.5\" \/>\n<input type=\"hidden\" name=\"_wpcf7_locale\" value=\"es_ES\" \/>\n<input type=\"hidden\" name=\"_wpcf7_unit_tag\" value=\"wpcf7-f9285-o1\" \/>\n<input type=\"hidden\" name=\"_wpcf7_container_post\" value=\"0\" \/>\n<input type=\"hidden\" name=\"_wpcf7_posted_data_hash\" value=\"\" \/>\n<input type=\"hidden\" name=\"_wpcf7_recaptcha_response\" value=\"\" \/>\n<\/div>\n<p><span class=\"wpcf7-form-control-wrap\" data-name=\"text-774\"><input size=\"40\" class=\"wpcf7-form-control wpcf7-text wpcf7-validates-as-required\" aria-required=\"true\" aria-invalid=\"false\" placeholder=\"Nombre de tu empresa de limpieza\" value=\"\" type=\"text\" name=\"text-774\" \/><\/span><br \/>\n<span class=\"wpcf7-form-control-wrap\" data-name=\"email-482\"><input size=\"40\" class=\"wpcf7-form-control wpcf7-email wpcf7-validates-as-required wpcf7-text wpcf7-validates-as-email\" aria-required=\"true\" aria-invalid=\"false\" placeholder=\"Tu correo electr\u00f3nico\" value=\"\" type=\"email\" name=\"email-482\" \/><\/span><br \/>\n<span class=\"wpcf7-form-control-wrap\" data-name=\"tel-414\"><input size=\"40\" class=\"wpcf7-form-control wpcf7-tel wpcf7-validates-as-required wpcf7-text wpcf7-validates-as-tel\" aria-required=\"true\" aria-invalid=\"false\" placeholder=\"Tu n\u00famero de tel\u00e9fono\" value=\"\" type=\"tel\" name=\"tel-414\" \/><\/span><br \/>\n<input class=\"wpcf7-form-control wpcf7-submit has-spinner\" type=\"submit\" value=\"Obtener acceso\" \/>\n<\/p><div class=\"wpcf7-response-output\" aria-hidden=\"true\"><\/div>\n<\/form>\n<\/div>\n                                \r\n        <\/div>\r\n    <\/section>\r\n\t\t\t\t<\/div>\n\t\t\t\t<\/div>\n\t\t\t\t\t<\/div>\n\t\t\t\t<\/div>\n\t\t<div class=\"elementor-element elementor-element-20a5864c elementor-hidden-desktop elementor-hidden-tablet elementor-hidden-mobile e-flex e-con-boxed e-con e-parent\" data-id=\"20a5864c\" data-element_type=\"container\" id=\"show_on_submit\">\n\t\t\t\t\t<div class=\"e-con-inner\">\n\t\t\t\t<div class=\"elementor-element elementor-element-28f0052a elementor-widget elementor-widget-copygen-title-v1\" data-id=\"28f0052a\" data-element_type=\"widget\" data-widget_type=\"copygen-title-v1.default\">\n\t\t\t\t<div class=\"elementor-widget-container\">\n\t\t\t \r\n        <div class=\"section_title type_one g_enable\">\r\n                                        <div class=\"title_whole position-relative\">\r\n                                            <h2 class=\"title\">\r\n                                                    Hazte con tus dise\u00f1os <span>gratuitos<\/span> a continuaci\u00f3n                                                          \r\n                        <\/h2>\r\n                                     \r\n                <\/div>\r\n                                        <p class=\"lead\"> Si haces clic abajo, acceder\u00e1s a Canvas, donde podr\u00e1s hacer una copia y editar los dise\u00f1os como quieras. <\/p>\r\n                    <\/div>\r\n        \r\n    \t\t<\/div>\n\t\t\t\t<\/div>\n\t\t\t\t<div class=\"elementor-element elementor-element-5548da0f elementor-widget elementor-widget-copygen-themebtns-v1\" data-id=\"5548da0f\" data-element_type=\"widget\" data-widget_type=\"copygen-themebtns-v1.default\">\n\t\t\t\t<div class=\"elementor-widget-container\">\n\t\t\t \r\n                        <div class=\"theme_btn_all\">\r\n            <a href=\"#link\"   target=&quot;_blank&quot;  rel=&quot;nofollow&quot; class=\"theme_btn\">\r\n                                                    \t\r\n                \t\r\n                                                    Ver ahora                                                                                                                                                    <div class=\"icon\">\r\n                                <i class=\" copy-eye\"><\/i>\r\n                            <\/div> \r\n                            \t\t\r\n                                            \t\r\n                \t\r\n                            <\/a>\r\n        <\/div>\r\n        \t\t<\/div>\n\t\t\t\t<\/div>\n\t\t\t\t\t<\/div>\n\t\t\t\t<\/div>\n\t\t\t\t\t<\/div>\n\t\t<\/div>\n\t\t\t\t<div class=\"elementor-column elementor-col-50 elementor-top-column elementor-element elementor-element-48099425\" data-id=\"48099425\" data-element_type=\"column\">\n\t\t\t<div class=\"elementor-widget-wrap elementor-element-populated\">\n\t\t\t\t\t\t<div class=\"elementor-element elementor-element-fa33d7e elementor-widget elementor-widget-image\" data-id=\"fa33d7e\" data-element_type=\"widget\" data-widget_type=\"image.default\">\n\t\t\t\t<div class=\"elementor-widget-container\">\n\t\t\t<style>\/*! elementor - v3.23.0 - 05-08-2024 *\/\n.elementor-widget-image{text-align:center}.elementor-widget-image a{display:inline-block}.elementor-widget-image a img[src$=\".svg\"]{width:48px}.elementor-widget-image img{vertical-align:middle;display:inline-block}<\/style>\t\t\t\t\t\t\t\t\t\t<img fetchpriority=\"high\" decoding=\"async\" width=\"560\" height=\"553\" src=\"https:\/\/www.cleanpixel.ai\/wp-content\/uploads\/2024\/08\/Rectangle-5.webp\" class=\"attachment-large size-large wp-image-11068\" alt=\"\" srcset=\"https:\/\/www.cleanpixel.ai\/wp-content\/uploads\/2024\/08\/Rectangle-5.webp 560w, https:\/\/www.cleanpixel.ai\/wp-content\/uploads\/2024\/08\/Rectangle-5-300x296.webp 300w\" sizes=\"(max-width: 560px) 100vw, 560px\" \/>\t\t\t\t\t\t\t\t\t\t\t\t\t<\/div>\n\t\t\t\t<\/div>\n\t\t\t\t\t<\/div>\n\t\t<\/div>\n\t\t\t\t\t<\/div>\n\t\t<\/section>\n\t\t\t\t<\/div>\n\t\t","protected":false},"excerpt":{"rendered":"<p>Hazte con tu kit gratuito de inicio a la limpieza \u00a1A todos nos gustan las cosas gratis! Est\u00e1s a un paso de desbloquear nuestro paquete gratuito, que incluye una plantilla de propuesta, una lista de comprobaci\u00f3n, listas de precios, una plantilla de factura, \u00a1y mucho m\u00e1s! Hazte con tus dise\u00f1os gratuitos a continuaci\u00f3n Si haces [&hellip;]<\/p>\n","protected":false},"author":1,"featured_media":0,"parent":0,"menu_order":0,"comment_status":"closed","ping_status":"closed","template":"template-homepage.php","meta":{"_acf_changed":false,"pmpro_default_level":"","footnotes":""},"class_list":["post-9296","page","type-page","status-publish","hentry","pmpro-has-access"],"acf":[],"yoast_head":"<!-- This site is optimized with the Yoast SEO plugin v23.2 - https:\/\/yoast.com\/wordpress\/plugins\/seo\/ -->\n<title>Campa\u00f1a - Paquete gratuito de limpieza - CleanPixel<\/title>\n<meta name=\"robots\" content=\"index, follow, max-snippet:-1, max-image-preview:large, max-video-preview:-1\" \/>\n<link rel=\"canonical\" href=\"https:\/\/www.cleanpixel.ai\/es\/campaign\/\" \/>\n<meta property=\"og:locale\" content=\"es_ES\" \/>\n<meta property=\"og:type\" content=\"article\" \/>\n<meta property=\"og:title\" content=\"Campa\u00f1a - Paquete gratuito de limpieza - CleanPixel\" \/>\n<meta property=\"og:description\" content=\"Hazte con tu kit gratuito de inicio a la limpieza \u00a1A todos nos gustan las cosas gratis! Est\u00e1s a un paso de desbloquear nuestro paquete gratuito, que incluye una plantilla de propuesta, una lista de comprobaci\u00f3n, listas de precios, una plantilla de factura, \u00a1y mucho m\u00e1s! Hazte con tus dise\u00f1os gratuitos a continuaci\u00f3n Si haces [&hellip;]\" \/>\n<meta property=\"og:url\" content=\"https:\/\/www.cleanpixel.ai\/es\/campaign\/\" \/>\n<meta property=\"og:site_name\" content=\"CleanPixel\" \/>\n<meta property=\"article:modified_time\" content=\"2024-08-21T09:35:47+00:00\" \/>\n<meta property=\"og:image\" content=\"https:\/\/www.cleanpixel.ai\/wp-content\/uploads\/2024\/08\/Rectangle-5.webp\" \/>\n<meta name=\"twitter:card\" content=\"summary_large_image\" \/>\n<script type=\"application\/ld+json\" class=\"yoast-schema-graph\">{\"@context\":\"https:\/\/schema.org\",\"@graph\":[{\"@type\":\"WebPage\",\"@id\":\"https:\/\/www.cleanpixel.ai\/es\/campaign\/\",\"url\":\"https:\/\/www.cleanpixel.ai\/es\/campaign\/\",\"name\":\"Campa\u00f1a - Paquete gratuito de limpieza - CleanPixel\",\"isPartOf\":{\"@id\":\"https:\/\/www.cleanpixel.ai\/es\/#website\"},\"primaryImageOfPage\":{\"@id\":\"https:\/\/www.cleanpixel.ai\/es\/campaign\/#primaryimage\"},\"image\":{\"@id\":\"https:\/\/www.cleanpixel.ai\/es\/campaign\/#primaryimage\"},\"thumbnailUrl\":\"https:\/\/www.cleanpixel.ai\/wp-content\/uploads\/2024\/08\/Rectangle-5.webp\",\"datePublished\":\"2024-05-06T20:30:30+00:00\",\"dateModified\":\"2024-08-21T09:35:47+00:00\",\"breadcrumb\":{\"@id\":\"https:\/\/www.cleanpixel.ai\/es\/campaign\/#breadcrumb\"},\"inLanguage\":\"es\",\"potentialAction\":[{\"@type\":\"ReadAction\",\"target\":[\"https:\/\/www.cleanpixel.ai\/es\/campaign\/\"]}]},{\"@type\":\"ImageObject\",\"inLanguage\":\"es\",\"@id\":\"https:\/\/www.cleanpixel.ai\/es\/campaign\/#primaryimage\",\"url\":\"https:\/\/www.cleanpixel.ai\/wp-content\/uploads\/2024\/08\/Rectangle-5.webp\",\"contentUrl\":\"https:\/\/www.cleanpixel.ai\/wp-content\/uploads\/2024\/08\/Rectangle-5.webp\"},{\"@type\":\"BreadcrumbList\",\"@id\":\"https:\/\/www.cleanpixel.ai\/es\/campaign\/#breadcrumb\",\"itemListElement\":[{\"@type\":\"ListItem\",\"position\":1,\"name\":\"Home\",\"item\":\"https:\/\/www.cleanpixel.ai\/es\/\"},{\"@type\":\"ListItem\",\"position\":2,\"name\":\"Campa\u00f1a &#8211; Paquete gratuito de limpieza\"}]},{\"@type\":\"WebSite\",\"@id\":\"https:\/\/www.cleanpixel.ai\/es\/#website\",\"url\":\"https:\/\/www.cleanpixel.ai\/es\/\",\"name\":\"Pixel Products\",\"description\":\"AI made for cleaning pros. Built to be easy.\",\"publisher\":{\"@id\":\"https:\/\/www.cleanpixel.ai\/es\/#organization\"},\"potentialAction\":[{\"@type\":\"SearchAction\",\"target\":{\"@type\":\"EntryPoint\",\"urlTemplate\":\"https:\/\/www.cleanpixel.ai\/es\/?s={search_term_string}\"},\"query-input\":\"required name=search_term_string\"}],\"inLanguage\":\"es\"},{\"@type\":\"Organization\",\"@id\":\"https:\/\/www.cleanpixel.ai\/es\/#organization\",\"name\":\"Pixel Products\",\"url\":\"https:\/\/www.cleanpixel.ai\/es\/\",\"logo\":{\"@type\":\"ImageObject\",\"inLanguage\":\"es\",\"@id\":\"https:\/\/www.cleanpixel.ai\/es\/#\/schema\/logo\/image\/\",\"url\":\"https:\/\/www.cleanpixel.ai\/wp-content\/uploads\/2023\/05\/cleanpixel-logo-dark.png\",\"contentUrl\":\"https:\/\/www.cleanpixel.ai\/wp-content\/uploads\/2023\/05\/cleanpixel-logo-dark.png\",\"width\":1135,\"height\":186,\"caption\":\"Pixel Products\"},\"image\":{\"@id\":\"https:\/\/www.cleanpixel.ai\/es\/#\/schema\/logo\/image\/\"}}]}<\/script>\n<!-- \/ Yoast SEO plugin. -->","yoast_head_json":{"title":"Campa\u00f1a - Paquete gratuito de limpieza - CleanPixel","robots":{"index":"index","follow":"follow","max-snippet":"max-snippet:-1","max-image-preview":"max-image-preview:large","max-video-preview":"max-video-preview:-1"},"canonical":"https:\/\/www.cleanpixel.ai\/es\/campaign\/","og_locale":"es_ES","og_type":"article","og_title":"Campa\u00f1a - Paquete gratuito de limpieza - CleanPixel","og_description":"Hazte con tu kit gratuito de inicio a la limpieza \u00a1A todos nos gustan las cosas gratis! Est\u00e1s a un paso de desbloquear nuestro paquete gratuito, que incluye una plantilla de propuesta, una lista de comprobaci\u00f3n, listas de precios, una plantilla de factura, \u00a1y mucho m\u00e1s! Hazte con tus dise\u00f1os gratuitos a continuaci\u00f3n Si haces [&hellip;]","og_url":"https:\/\/www.cleanpixel.ai\/es\/campaign\/","og_site_name":"CleanPixel","article_modified_time":"2024-08-21T09:35:47+00:00","og_image":[{"url":"https:\/\/www.cleanpixel.ai\/wp-content\/uploads\/2024\/08\/Rectangle-5.webp"}],"twitter_card":"summary_large_image","schema":{"@context":"https:\/\/schema.org","@graph":[{"@type":"WebPage","@id":"https:\/\/www.cleanpixel.ai\/es\/campaign\/","url":"https:\/\/www.cleanpixel.ai\/es\/campaign\/","name":"Campa\u00f1a - Paquete gratuito de limpieza - CleanPixel","isPartOf":{"@id":"https:\/\/www.cleanpixel.ai\/es\/#website"},"primaryImageOfPage":{"@id":"https:\/\/www.cleanpixel.ai\/es\/campaign\/#primaryimage"},"image":{"@id":"https:\/\/www.cleanpixel.ai\/es\/campaign\/#primaryimage"},"thumbnailUrl":"https:\/\/www.cleanpixel.ai\/wp-content\/uploads\/2024\/08\/Rectangle-5.webp","datePublished":"2024-05-06T20:30:30+00:00","dateModified":"2024-08-21T09:35:47+00:00","breadcrumb":{"@id":"https:\/\/www.cleanpixel.ai\/es\/campaign\/#breadcrumb"},"inLanguage":"es","potentialAction":[{"@type":"ReadAction","target":["https:\/\/www.cleanpixel.ai\/es\/campaign\/"]}]},{"@type":"ImageObject","inLanguage":"es","@id":"https:\/\/www.cleanpixel.ai\/es\/campaign\/#primaryimage","url":"https:\/\/www.cleanpixel.ai\/wp-content\/uploads\/2024\/08\/Rectangle-5.webp","contentUrl":"https:\/\/www.cleanpixel.ai\/wp-content\/uploads\/2024\/08\/Rectangle-5.webp"},{"@type":"BreadcrumbList","@id":"https:\/\/www.cleanpixel.ai\/es\/campaign\/#breadcrumb","itemListElement":[{"@type":"ListItem","position":1,"name":"Home","item":"https:\/\/www.cleanpixel.ai\/es\/"},{"@type":"ListItem","position":2,"name":"Campa\u00f1a &#8211; Paquete gratuito de limpieza"}]},{"@type":"WebSite","@id":"https:\/\/www.cleanpixel.ai\/es\/#website","url":"https:\/\/www.cleanpixel.ai\/es\/","name":"Pixel Products","description":"AI made for cleaning pros. Built to be easy.","publisher":{"@id":"https:\/\/www.cleanpixel.ai\/es\/#organization"},"potentialAction":[{"@type":"SearchAction","target":{"@type":"EntryPoint","urlTemplate":"https:\/\/www.cleanpixel.ai\/es\/?s={search_term_string}"},"query-input":"required name=search_term_string"}],"inLanguage":"es"},{"@type":"Organization","@id":"https:\/\/www.cleanpixel.ai\/es\/#organization","name":"Pixel Products","url":"https:\/\/www.cleanpixel.ai\/es\/","logo":{"@type":"ImageObject","inLanguage":"es","@id":"https:\/\/www.cleanpixel.ai\/es\/#\/schema\/logo\/image\/","url":"https:\/\/www.cleanpixel.ai\/wp-content\/uploads\/2023\/05\/cleanpixel-logo-dark.png","contentUrl":"https:\/\/www.cleanpixel.ai\/wp-content\/uploads\/2023\/05\/cleanpixel-logo-dark.png","width":1135,"height":186,"caption":"Pixel Products"},"image":{"@id":"https:\/\/www.cleanpixel.ai\/es\/#\/schema\/logo\/image\/"}}]}},"_links":{"self":[{"href":"https:\/\/www.cleanpixel.ai\/es\/wp-json\/wp\/v2\/pages\/9296","targetHints":{"allow":["GET"]}}],"collection":[{"href":"https:\/\/www.cleanpixel.ai\/es\/wp-json\/wp\/v2\/pages"}],"about":[{"href":"https:\/\/www.cleanpixel.ai\/es\/wp-json\/wp\/v2\/types\/page"}],"author":[{"embeddable":true,"href":"https:\/\/www.cleanpixel.ai\/es\/wp-json\/wp\/v2\/users\/1"}],"replies":[{"embeddable":true,"href":"https:\/\/www.cleanpixel.ai\/es\/wp-json\/wp\/v2\/comments?post=9296"}],"version-history":[{"count":0,"href":"https:\/\/www.cleanpixel.ai\/es\/wp-json\/wp\/v2\/pages\/9296\/revisions"}],"wp:attachment":[{"href":"https:\/\/www.cleanpixel.ai\/es\/wp-json\/wp\/v2\/media?parent=9296"}],"curies":[{"name":"wp","href":"https:\/\/api.w.org\/{rel}","templated":true}]}}