{"id":9638,"date":"2023-05-08T11:38:47","date_gmt":"2023-05-08T11:38:47","guid":{"rendered":"https:\/\/www.cleanpixel.ai\/condiciones-generales\/"},"modified":"2024-08-21T11:01:06","modified_gmt":"2024-08-21T11:01:06","slug":"terms-condition","status":"publish","type":"page","link":"https:\/\/www.cleanpixel.ai\/es\/terms-condition\/","title":{"rendered":"T\u00e9rminos y condiciones"},"content":{"rendered":"\t\t<div data-elementor-type=\"wp-page\" data-elementor-id=\"9638\" class=\"elementor elementor-9638 elementor-3032\">\n\t\t\t\t\t\t<section class=\"elementor-section elementor-top-section elementor-element elementor-element-a9bcb91 elementor-section-boxed elementor-section-height-default elementor-section-height-default\" data-id=\"a9bcb91\" data-element_type=\"section\" data-settings=\"{&quot;background_background&quot;:&quot;classic&quot;}\">\n\t\t\t\t\t\t\t<div class=\"elementor-background-overlay\"><\/div>\n\t\t\t\t\t\t\t<div class=\"elementor-container elementor-column-gap-default\">\n\t\t\t\t\t<div class=\"elementor-column elementor-col-100 elementor-top-column elementor-element elementor-element-e6c2184\" data-id=\"e6c2184\" data-element_type=\"column\">\n\t\t\t<div class=\"elementor-widget-wrap elementor-element-populated\">\n\t\t\t\t\t\t<section class=\"elementor-section elementor-inner-section elementor-element elementor-element-c015b51 elementor-section-boxed elementor-section-height-default elementor-section-height-default\" data-id=\"c015b51\" data-element_type=\"section\">\n\t\t\t\t\t\t<div class=\"elementor-container elementor-column-gap-default\">\n\t\t\t\t\t<div class=\"elementor-column elementor-col-100 elementor-inner-column elementor-element elementor-element-8c06675\" data-id=\"8c06675\" data-element_type=\"column\">\n\t\t\t<div class=\"elementor-widget-wrap elementor-element-populated\">\n\t\t\t\t\t\t<div class=\"elementor-element elementor-element-72534a7 elementor-widget elementor-widget-copygen-title-v1\" data-id=\"72534a7\" data-element_type=\"widget\" data-widget_type=\"copygen-title-v1.default\">\n\t\t\t\t<div class=\"elementor-widget-container\">\n\t\t\t \r\n        <div class=\"section_title type_one g_enable\">\r\n                            <div class=\"overline-title\"> COPYGEN  <\/div>\r\n                                        <div class=\"title_whole position-relative\">\r\n                                            <h2 class=\"title\">\r\n                                                    T\u00e9rminos y condiciones                                                          \r\n                        <\/h2>\r\n                                     \r\n                <\/div>\r\n                                        <p class=\"lead\"> \u00daltima actualizaci\u00f3n Feb 10, 2023<\/p>\r\n                    <\/div>\r\n        \r\n    \t\t<\/div>\n\t\t\t\t<\/div>\n\t\t\t\t\t<\/div>\n\t\t<\/div>\n\t\t\t\t\t<\/div>\n\t\t<\/section>\n\t\t\t\t\t<\/div>\n\t\t<\/div>\n\t\t\t\t\t<\/div>\n\t\t<\/section>\n\t\t\t\t<section class=\"elementor-section elementor-top-section elementor-element elementor-element-eff9cae elementor-section-boxed elementor-section-height-default elementor-section-height-default\" data-id=\"eff9cae\" data-element_type=\"section\">\n\t\t\t\t\t\t<div class=\"elementor-container elementor-column-gap-default\">\n\t\t\t\t\t<div class=\"elementor-column elementor-col-100 elementor-top-column elementor-element elementor-element-46fd825\" data-id=\"46fd825\" data-element_type=\"column\">\n\t\t\t<div class=\"elementor-widget-wrap elementor-element-populated\">\n\t\t\t\t\t\t<div class=\"elementor-element elementor-element-f86952e elementor-widget elementor-widget-copygen-title-v1\" data-id=\"f86952e\" data-element_type=\"widget\" data-widget_type=\"copygen-title-v1.default\">\n\t\t\t\t<div class=\"elementor-widget-container\">\n\t\t\t \r\n        <div class=\"section_title type_one g_enable\">\r\n                                        <div class=\"title_whole position-relative\">\r\n                                            <h2 class=\"title\">\r\n                                                    Ventajas de la IA en la traducci\u00f3n de documentos legales                                                          \r\n                        <\/h2>\r\n                                     \r\n                <\/div>\r\n                                        <p class=\"lead\"> Me gustar\u00eda explicarte c\u00f3mo naci\u00f3 toda esta idea err\u00f3nea de denunciar el placer y alabar el dolor, y te dar\u00e9 una explicaci\u00f3n completa del sistema y expondr\u00e9 las ense\u00f1anzas reales del gran explorador de la verdad, el maestro constructor de la felicidad humana. Nadie rechaza o evita el placer en s\u00ed, porque es placer.<\/p>\r\n                    <\/div>\r\n        \r\n    \t\t<\/div>\n\t\t\t\t<\/div>\n\t\t\t\t<div class=\"elementor-element elementor-element-ed1e897 elementor-widget elementor-widget-copygen-title-v1\" data-id=\"ed1e897\" data-element_type=\"widget\" data-widget_type=\"copygen-title-v1.default\">\n\t\t\t\t<div class=\"elementor-widget-container\">\n\t\t\t \r\n        <div class=\"section_title type_one g_enable\">\r\n                                        <div class=\"title_whole position-relative\">\r\n                                            <h2 class=\"title\">\r\n                                                    Recordatorios autom\u00e1ticos                                                          \r\n                        <\/h2>\r\n                                     \r\n                <\/div>\r\n                                        <p class=\"lead\">   Relato completo del sistema y exposici\u00f3n de las ense\u00f1anzas reales del gran explorador de la verdad, el maestro constructor de la felicidad humana. Nadie rechaza el placer en s\u00ed mismo porque sea placer.<\/p>\r\n                    <\/div>\r\n        \r\n    \t\t<\/div>\n\t\t\t\t<\/div>\n\t\t\t\t<div class=\"elementor-element elementor-element-7b2ad09 elementor-widget elementor-widget-copygen-title-v1\" data-id=\"7b2ad09\" data-element_type=\"widget\" data-widget_type=\"copygen-title-v1.default\">\n\t\t\t\t<div class=\"elementor-widget-container\">\n\t\t\t \r\n        <div class=\"section_title type_one g_enable\">\r\n                                        <div class=\"title_whole position-relative\">\r\n                                            <h2 class=\"title\">\r\n                                                    Investigaci\u00f3n jur\u00eddica y comprobaci\u00f3n de antecedentes                                                          \r\n                        <\/h2>\r\n                                     \r\n                <\/div>\r\n                                        <p class=\"lead\">   Por otra parte, denunciamos con justa indignaci\u00f3n y aversi\u00f3n a los hombres que est\u00e1n tan seducidos y desmoralizados por los encantos del placer del momento, tan cegados por el deseo, que no pueden prever el dolor y los problemas que han de sobrevenir.<\/p>\r\n                    <\/div>\r\n        \r\n    \t\t<\/div>\n\t\t\t\t<\/div>\n\t\t\t\t<div class=\"elementor-element elementor-element-7b4e9a7 elementor-widget elementor-widget-copygen-title-v1\" data-id=\"7b4e9a7\" data-element_type=\"widget\" data-widget_type=\"copygen-title-v1.default\">\n\t\t\t\t<div class=\"elementor-widget-container\">\n\t\t\t \r\n        <div class=\"section_title type_one g_enable\">\r\n                                        <div class=\"title_whole position-relative\">\r\n                                            <h2 class=\"title\">\r\n                                                    Ayuda a abordar la limitaci\u00f3n ling\u00fc\u00edstica                                                          \r\n                        <\/h2>\r\n                                     \r\n                <\/div>\r\n                                        <p class=\"lead\"> Sed ut perspiciatis unde omnis iste natus error sit voluptatem accusantium doloremque laudantium, totam rem aperiam, eaque ipsa quae ab illo inventore veritatis et quasi architecto beatae<\/p>\r\n                    <\/div>\r\n        \r\n    \t\t<\/div>\n\t\t\t\t<\/div>\n\t\t\t\t<div class=\"elementor-element elementor-element-b876e97 elementor-widget elementor-widget-copygen-list-items-v1\" data-id=\"b876e97\" data-element_type=\"widget\" data-widget_type=\"copygen-list-items-v1.default\">\n\t\t\t\t<div class=\"elementor-widget-container\">\n\t\t\t<div class=\"position-relative\">\r\n    <ul class=\"list_box list\">\r\n            <li>\r\n            <div class=\"d-flex\">\r\n                                    <div class=\"dot\"><\/div>\r\n                                <a class=\"links\" href=\"#\"   >\r\n                    El contenido a traducir es de alta prioridad y necesita una traducci\u00f3n precisa.                <\/a>\r\n            <\/div>\r\n        <\/li>\r\n                <li>\r\n            <div class=\"d-flex\">\r\n                                    <div class=\"dot\"><\/div>\r\n                                <a class=\"links\" href=\"#\"   >\r\n                      Requiere comprensi\u00f3n cultural, jur\u00eddica y contextual. El material utiliza un lenguaje creativo que no puede traducirse literalmente.                <\/a>\r\n            <\/div>\r\n        <\/li>\r\n                <li>\r\n            <div class=\"d-flex\">\r\n                                    <div class=\"dot\"><\/div>\r\n                                <a class=\"links\" href=\"#\"   >\r\n                      El material utiliza un lenguaje creativo que no puede traducirse literalmente.                <\/a>\r\n            <\/div>\r\n        <\/li>\r\n                <li>\r\n            <div class=\"d-flex\">\r\n                                    <div class=\"dot\"><\/div>\r\n                                <a class=\"links\" href=\"#\"   >\r\n                      La traducci\u00f3n de idiomas debe ser gramaticalmente precisa, con la comprensi\u00f3n adecuada                <\/a>\r\n            <\/div>\r\n        <\/li>\r\n            <\/ul>\r\n    <\/div>\r\n    \t\t<\/div>\n\t\t\t\t<\/div>\n\t\t\t\t<div class=\"elementor-element elementor-element-239d7fd elementor-widget elementor-widget-copygen-title-v1\" data-id=\"239d7fd\" data-element_type=\"widget\" data-widget_type=\"copygen-title-v1.default\">\n\t\t\t\t<div class=\"elementor-widget-container\">\n\t\t\t \r\n        <div class=\"section_title type_one g_enable\">\r\n                                                    <p class=\"lead\"> Denunciamos con justa indignaci\u00f3n y aversi\u00f3n a los hombres que est\u00e1n tan seducidos y desmoralizados por los encantos del placer del momento, tan cegados por el deseo, que no pueden prever el dolor<\/p>\r\n                    <\/div>\r\n        \r\n    \t\t<\/div>\n\t\t\t\t<\/div>\n\t\t\t\t<div class=\"elementor-element elementor-element-7363bf6 elementor-widget elementor-widget-copygen-title-v1\" data-id=\"7363bf6\" data-element_type=\"widget\" data-widget_type=\"copygen-title-v1.default\">\n\t\t\t\t<div class=\"elementor-widget-container\">\n\t\t\t \r\n        <div class=\"section_title type_one g_enable\">\r\n                                        <div class=\"title_whole position-relative\">\r\n                                            <h2 class=\"title\">\r\n                                                    Traductores humanos frente a traductores de IA                                                          \r\n                        <\/h2>\r\n                                     \r\n                <\/div>\r\n                                        <p class=\"lead\"> Me gustar\u00eda explicarte c\u00f3mo naci\u00f3 toda esta idea err\u00f3nea de denunciar el placer y alabar el dolor, y te dar\u00e9 una explicaci\u00f3n completa del sistema y expondr\u00e9 las ense\u00f1anzas reales del gran explorador de la verdad, el maestro constructor de la felicidad humana.<\/p>\r\n                    <\/div>\r\n        \r\n    \t\t<\/div>\n\t\t\t\t<\/div>\n\t\t\t\t<div class=\"elementor-element elementor-element-6e2fb9a elementor-widget elementor-widget-copygen-title-v1\" data-id=\"6e2fb9a\" data-element_type=\"widget\" data-widget_type=\"copygen-title-v1.default\">\n\t\t\t\t<div class=\"elementor-widget-container\">\n\t\t\t \r\n        <div class=\"section_title type_one g_enable\">\r\n                                                    <p class=\"lead\"> Expone las ense\u00f1anzas actuales del gran explorador de la verdad, el maestro constructor de la felicidad humana. Nadie rechaza, rechaza o evita el placer.<\/p>\r\n                    <\/div>\r\n        \r\n    \t\t<\/div>\n\t\t\t\t<\/div>\n\t\t\t\t<div class=\"elementor-element elementor-element-e765ea5 elementor-widget elementor-widget-copygen-title-v1\" data-id=\"e765ea5\" data-element_type=\"widget\" data-widget_type=\"copygen-title-v1.default\">\n\t\t\t\t<div class=\"elementor-widget-container\">\n\t\t\t \r\n        <div class=\"section_title type_one g_enable\">\r\n                                        <div class=\"title_whole position-relative\">\r\n                                            <h2 class=\"title\">\r\n                                                    Velocidad                                                          \r\n                        <\/h2>\r\n                                     \r\n                <\/div>\r\n                                        <p class=\"lead\"> Explicaci\u00f3n completa del sistema y exposici\u00f3n de las ense\u00f1anzas reales del gran explorador de la verdad, el maestro constructor de la felicidad humana. Nadie rechaza el placer en s\u00ed mismo porque sea placer.<\/p>\r\n                    <\/div>\r\n        \r\n    \t\t<\/div>\n\t\t\t\t<\/div>\n\t\t\t\t<div class=\"elementor-element elementor-element-a0f16ee elementor-widget elementor-widget-copygen-title-v1\" data-id=\"a0f16ee\" data-element_type=\"widget\" data-widget_type=\"copygen-title-v1.default\">\n\t\t\t\t<div class=\"elementor-widget-container\">\n\t\t\t \r\n        <div class=\"section_title type_one g_enable\">\r\n                                        <div class=\"title_whole position-relative\">\r\n                                            <h2 class=\"title\">\r\n                                                    Calidad                                                          \r\n                        <\/h2>\r\n                                     \r\n                <\/div>\r\n                                        <p class=\"lead\"> Por otra parte, denunciamos con justa indignaci\u00f3n y aversi\u00f3n a los hombres que est\u00e1n tan seducidos y desmoralizados por los encantos del placer del momento, tan cegados por el deseo, que no pueden prever el dolor y los problemas que han de sobrevenir.<\/p>\r\n                    <\/div>\r\n        \r\n    \t\t<\/div>\n\t\t\t\t<\/div>\n\t\t\t\t\t<\/div>\n\t\t<\/div>\n\t\t\t\t\t<\/div>\n\t\t<\/section>\n\t\t\t\t<\/div>\n\t\t","protected":false},"excerpt":{"rendered":"<p>COPYGEN T\u00e9rminos y condiciones \u00daltima actualizaci\u00f3n Feb 10, 2023 Ventajas de la IA en la traducci\u00f3n de documentos legales Me gustar\u00eda explicarte c\u00f3mo naci\u00f3 toda esta idea err\u00f3nea de denunciar el placer y alabar el dolor, y te dar\u00e9 una explicaci\u00f3n completa del sistema y expondr\u00e9 las ense\u00f1anzas reales del gran explorador de la verdad, [&hellip;]<\/p>\n","protected":false},"author":1,"featured_media":0,"parent":0,"menu_order":0,"comment_status":"closed","ping_status":"closed","template":"template-homepage.php","meta":{"_acf_changed":false,"pmpro_default_level":"","footnotes":""},"class_list":["post-9638","page","type-page","status-publish","hentry","pmpro-has-access"],"acf":[],"yoast_head":"<!-- This site is optimized with the Yoast SEO plugin v23.2 - https:\/\/yoast.com\/wordpress\/plugins\/seo\/ -->\n<title>T\u00e9rminos y condiciones - CleanPixel<\/title>\n<meta name=\"robots\" content=\"index, follow, max-snippet:-1, max-image-preview:large, max-video-preview:-1\" \/>\n<link rel=\"canonical\" href=\"https:\/\/www.cleanpixel.ai\/es\/terms-condition\/\" \/>\n<meta property=\"og:locale\" content=\"es_ES\" \/>\n<meta property=\"og:type\" content=\"article\" \/>\n<meta property=\"og:title\" content=\"T\u00e9rminos y condiciones - CleanPixel\" \/>\n<meta property=\"og:description\" content=\"COPYGEN T\u00e9rminos y condiciones \u00daltima actualizaci\u00f3n Feb 10, 2023 Ventajas de la IA en la traducci\u00f3n de documentos legales Me gustar\u00eda explicarte c\u00f3mo naci\u00f3 toda esta idea err\u00f3nea de denunciar el placer y alabar el dolor, y te dar\u00e9 una explicaci\u00f3n completa del sistema y expondr\u00e9 las ense\u00f1anzas reales del gran explorador de la verdad, [&hellip;]\" \/>\n<meta property=\"og:url\" content=\"https:\/\/www.cleanpixel.ai\/es\/terms-condition\/\" \/>\n<meta property=\"og:site_name\" content=\"CleanPixel\" \/>\n<meta property=\"article:modified_time\" content=\"2024-08-21T11:01:06+00:00\" \/>\n<meta name=\"twitter:card\" content=\"summary_large_image\" \/>\n<script type=\"application\/ld+json\" class=\"yoast-schema-graph\">{\"@context\":\"https:\/\/schema.org\",\"@graph\":[{\"@type\":\"WebPage\",\"@id\":\"https:\/\/www.cleanpixel.ai\/es\/terms-condition\/\",\"url\":\"https:\/\/www.cleanpixel.ai\/es\/terms-condition\/\",\"name\":\"T\u00e9rminos y condiciones - CleanPixel\",\"isPartOf\":{\"@id\":\"https:\/\/www.cleanpixel.ai\/es\/#website\"},\"datePublished\":\"2023-05-08T11:38:47+00:00\",\"dateModified\":\"2024-08-21T11:01:06+00:00\",\"breadcrumb\":{\"@id\":\"https:\/\/www.cleanpixel.ai\/es\/terms-condition\/#breadcrumb\"},\"inLanguage\":\"es\",\"potentialAction\":[{\"@type\":\"ReadAction\",\"target\":[\"https:\/\/www.cleanpixel.ai\/es\/terms-condition\/\"]}]},{\"@type\":\"BreadcrumbList\",\"@id\":\"https:\/\/www.cleanpixel.ai\/es\/terms-condition\/#breadcrumb\",\"itemListElement\":[{\"@type\":\"ListItem\",\"position\":1,\"name\":\"Home\",\"item\":\"https:\/\/www.cleanpixel.ai\/es\/\"},{\"@type\":\"ListItem\",\"position\":2,\"name\":\"T\u00e9rminos y condiciones\"}]},{\"@type\":\"WebSite\",\"@id\":\"https:\/\/www.cleanpixel.ai\/es\/#website\",\"url\":\"https:\/\/www.cleanpixel.ai\/es\/\",\"name\":\"Pixel Products\",\"description\":\"AI made for cleaning pros. Built to be easy.\",\"publisher\":{\"@id\":\"https:\/\/www.cleanpixel.ai\/es\/#organization\"},\"potentialAction\":[{\"@type\":\"SearchAction\",\"target\":{\"@type\":\"EntryPoint\",\"urlTemplate\":\"https:\/\/www.cleanpixel.ai\/es\/?s={search_term_string}\"},\"query-input\":\"required name=search_term_string\"}],\"inLanguage\":\"es\"},{\"@type\":\"Organization\",\"@id\":\"https:\/\/www.cleanpixel.ai\/es\/#organization\",\"name\":\"Pixel Products\",\"url\":\"https:\/\/www.cleanpixel.ai\/es\/\",\"logo\":{\"@type\":\"ImageObject\",\"inLanguage\":\"es\",\"@id\":\"https:\/\/www.cleanpixel.ai\/es\/#\/schema\/logo\/image\/\",\"url\":\"https:\/\/www.cleanpixel.ai\/wp-content\/uploads\/2023\/05\/cleanpixel-logo-dark.png\",\"contentUrl\":\"https:\/\/www.cleanpixel.ai\/wp-content\/uploads\/2023\/05\/cleanpixel-logo-dark.png\",\"width\":1135,\"height\":186,\"caption\":\"Pixel Products\"},\"image\":{\"@id\":\"https:\/\/www.cleanpixel.ai\/es\/#\/schema\/logo\/image\/\"}}]}<\/script>\n<!-- \/ Yoast SEO plugin. -->","yoast_head_json":{"title":"T\u00e9rminos y condiciones - CleanPixel","robots":{"index":"index","follow":"follow","max-snippet":"max-snippet:-1","max-image-preview":"max-image-preview:large","max-video-preview":"max-video-preview:-1"},"canonical":"https:\/\/www.cleanpixel.ai\/es\/terms-condition\/","og_locale":"es_ES","og_type":"article","og_title":"T\u00e9rminos y condiciones - CleanPixel","og_description":"COPYGEN T\u00e9rminos y condiciones \u00daltima actualizaci\u00f3n Feb 10, 2023 Ventajas de la IA en la traducci\u00f3n de documentos legales Me gustar\u00eda explicarte c\u00f3mo naci\u00f3 toda esta idea err\u00f3nea de denunciar el placer y alabar el dolor, y te dar\u00e9 una explicaci\u00f3n completa del sistema y expondr\u00e9 las ense\u00f1anzas reales del gran explorador de la verdad, [&hellip;]","og_url":"https:\/\/www.cleanpixel.ai\/es\/terms-condition\/","og_site_name":"CleanPixel","article_modified_time":"2024-08-21T11:01:06+00:00","twitter_card":"summary_large_image","schema":{"@context":"https:\/\/schema.org","@graph":[{"@type":"WebPage","@id":"https:\/\/www.cleanpixel.ai\/es\/terms-condition\/","url":"https:\/\/www.cleanpixel.ai\/es\/terms-condition\/","name":"T\u00e9rminos y condiciones - CleanPixel","isPartOf":{"@id":"https:\/\/www.cleanpixel.ai\/es\/#website"},"datePublished":"2023-05-08T11:38:47+00:00","dateModified":"2024-08-21T11:01:06+00:00","breadcrumb":{"@id":"https:\/\/www.cleanpixel.ai\/es\/terms-condition\/#breadcrumb"},"inLanguage":"es","potentialAction":[{"@type":"ReadAction","target":["https:\/\/www.cleanpixel.ai\/es\/terms-condition\/"]}]},{"@type":"BreadcrumbList","@id":"https:\/\/www.cleanpixel.ai\/es\/terms-condition\/#breadcrumb","itemListElement":[{"@type":"ListItem","position":1,"name":"Home","item":"https:\/\/www.cleanpixel.ai\/es\/"},{"@type":"ListItem","position":2,"name":"T\u00e9rminos y condiciones"}]},{"@type":"WebSite","@id":"https:\/\/www.cleanpixel.ai\/es\/#website","url":"https:\/\/www.cleanpixel.ai\/es\/","name":"Pixel Products","description":"AI made for cleaning pros. Built to be easy.","publisher":{"@id":"https:\/\/www.cleanpixel.ai\/es\/#organization"},"potentialAction":[{"@type":"SearchAction","target":{"@type":"EntryPoint","urlTemplate":"https:\/\/www.cleanpixel.ai\/es\/?s={search_term_string}"},"query-input":"required name=search_term_string"}],"inLanguage":"es"},{"@type":"Organization","@id":"https:\/\/www.cleanpixel.ai\/es\/#organization","name":"Pixel Products","url":"https:\/\/www.cleanpixel.ai\/es\/","logo":{"@type":"ImageObject","inLanguage":"es","@id":"https:\/\/www.cleanpixel.ai\/es\/#\/schema\/logo\/image\/","url":"https:\/\/www.cleanpixel.ai\/wp-content\/uploads\/2023\/05\/cleanpixel-logo-dark.png","contentUrl":"https:\/\/www.cleanpixel.ai\/wp-content\/uploads\/2023\/05\/cleanpixel-logo-dark.png","width":1135,"height":186,"caption":"Pixel Products"},"image":{"@id":"https:\/\/www.cleanpixel.ai\/es\/#\/schema\/logo\/image\/"}}]}},"_links":{"self":[{"href":"https:\/\/www.cleanpixel.ai\/es\/wp-json\/wp\/v2\/pages\/9638","targetHints":{"allow":["GET"]}}],"collection":[{"href":"https:\/\/www.cleanpixel.ai\/es\/wp-json\/wp\/v2\/pages"}],"about":[{"href":"https:\/\/www.cleanpixel.ai\/es\/wp-json\/wp\/v2\/types\/page"}],"author":[{"embeddable":true,"href":"https:\/\/www.cleanpixel.ai\/es\/wp-json\/wp\/v2\/users\/1"}],"replies":[{"embeddable":true,"href":"https:\/\/www.cleanpixel.ai\/es\/wp-json\/wp\/v2\/comments?post=9638"}],"version-history":[{"count":0,"href":"https:\/\/www.cleanpixel.ai\/es\/wp-json\/wp\/v2\/pages\/9638\/revisions"}],"wp:attachment":[{"href":"https:\/\/www.cleanpixel.ai\/es\/wp-json\/wp\/v2\/media?parent=9638"}],"curies":[{"name":"wp","href":"https:\/\/api.w.org\/{rel}","templated":true}]}}